{"id":1514,"date":"2024-11-05T17:45:34","date_gmt":"2024-11-05T16:45:34","guid":{"rendered":"https:\/\/lohodihomes.com\/?page_id=1514"},"modified":"2025-09-19T15:28:58","modified_gmt":"2025-09-19T13:28:58","slug":"owners-lohodi","status":"publish","type":"page","link":"https:\/\/lohodihomes.com\/en\/owners-lohodi\/","title":{"rendered":"Home owners Lohodi"},"content":{"rendered":"\t\t<div data-elementor-type=\"wp-page\" data-elementor-id=\"1514\" class=\"elementor elementor-1514\" data-elementor-post-type=\"page\">\n\t\t\t\t<div class=\"elementor-element elementor-element-0497f8d e-flex e-con-boxed e-con e-parent\" data-id=\"0497f8d\" data-element_type=\"container\" data-e-type=\"container\" data-settings=\"{&quot;background_background&quot;:&quot;classic&quot;}\">\n\t\t\t\t\t<div class=\"e-con-inner\">\n\t\t\t\t\t<\/div>\n\t\t\t\t<\/div>\n\t\t<div class=\"elementor-element elementor-element-68ec9aa e-flex e-con-boxed e-con e-parent\" data-id=\"68ec9aa\" data-element_type=\"container\" data-e-type=\"container\" data-settings=\"{&quot;background_background&quot;:&quot;classic&quot;}\">\n\t\t\t\t\t<div class=\"e-con-inner\">\n\t\t\t\t<div class=\"elementor-element elementor-element-1773dee elementor-widget elementor-widget-heading\" data-id=\"1773dee\" data-element_type=\"widget\" data-e-type=\"widget\" data-widget_type=\"heading.default\">\n\t\t\t\t<div class=\"elementor-widget-container\">\n\t\t\t\t\t<h2 class=\"elementor-heading-title elementor-size-default\">Owners<\/h2>\t\t\t\t<\/div>\n\t\t\t\t<\/div>\n\t\t\t\t<div class=\"elementor-element elementor-element-de645f9 elementor-widget__width-initial elementor-widget elementor-widget-text-editor\" data-id=\"de645f9\" data-element_type=\"widget\" data-e-type=\"widget\" data-widget_type=\"text-editor.default\">\n\t\t\t\t<div class=\"elementor-widget-container\">\n\t\t\t\t\t\t\t\t\t<p>If you own a restored farmhouse, house or charming studio in the Empord\u00e0, we can help you to rent it for days or weeks.<\/p>\t\t\t\t\t\t\t\t<\/div>\n\t\t\t\t<\/div>\n\t\t\t\t\t<\/div>\n\t\t\t\t<\/div>\n\t\t<div class=\"elementor-element elementor-element-cd6222b e-flex e-con-boxed e-con e-parent\" data-id=\"cd6222b\" data-element_type=\"container\" data-e-type=\"container\">\n\t\t\t\t\t<div class=\"e-con-inner\">\n\t\t<div class=\"elementor-element elementor-element-609d998 e-con-full e-flex e-con e-child\" data-id=\"609d998\" data-element_type=\"container\" data-e-type=\"container\" data-settings=\"{&quot;background_background&quot;:&quot;classic&quot;}\">\n\t\t\t\t<\/div>\n\t\t<div class=\"elementor-element elementor-element-75587a0 e-con-full e-flex e-con e-child\" data-id=\"75587a0\" data-element_type=\"container\" data-e-type=\"container\" data-settings=\"{&quot;background_background&quot;:&quot;classic&quot;}\">\n\t\t\t\t<div class=\"elementor-element elementor-element-97b05d9 elementor-widget elementor-widget-text-editor\" data-id=\"97b05d9\" data-element_type=\"widget\" data-e-type=\"widget\" data-widget_type=\"text-editor.default\">\n\t\t\t\t<div class=\"elementor-widget-container\">\n\t\t\t\t\t\t\t\t\t<p>WHO IS BEHIND IT?<\/p>\t\t\t\t\t\t\t\t<\/div>\n\t\t\t\t<\/div>\n\t\t\t\t<div class=\"elementor-element elementor-element-cc734b4 elementor-widget-divider--view-line elementor-widget elementor-widget-divider\" data-id=\"cc734b4\" data-element_type=\"widget\" data-e-type=\"widget\" data-widget_type=\"divider.default\">\n\t\t\t\t<div class=\"elementor-widget-container\">\n\t\t\t\t\t\t\t<div class=\"elementor-divider\">\n\t\t\t<span class=\"elementor-divider-separator\">\n\t\t\t\t\t\t<\/span>\n\t\t<\/div>\n\t\t\t\t\t\t<\/div>\n\t\t\t\t<\/div>\n\t\t\t\t<div class=\"elementor-element elementor-element-715a740 elementor-widget elementor-widget-text-editor\" data-id=\"715a740\" data-element_type=\"widget\" data-e-type=\"widget\" data-widget_type=\"text-editor.default\">\n\t\t\t\t<div class=\"elementor-widget-container\">\n\t\t\t\t\t\t\t\t\t<p>Cristina and Marc met 19 years ago and since then they have gradually discovered their love for decoration, painting, colours and discovering and improving spaces that could seem soulless, and turning them into homes full of light. We have grown up and lived in the Empord\u00e0 where the summer is endless and now we live in l&#8217;Escala near the sea. Both of us have been inspired by our mothers, authentic and hard-working&#8230;<\/p><p>LOHODI Homes was born with the desire to share the extraordinarily beautiful places that the Empord\u00e0 offers us with its sometimes extravagant but above all cheerful and open people.<\/p>\t\t\t\t\t\t\t\t<\/div>\n\t\t\t\t<\/div>\n\t\t\t\t<\/div>\n\t\t\t\t\t<\/div>\n\t\t\t\t<\/div>\n\t\t<div class=\"elementor-element elementor-element-40ce0b1 e-flex e-con-boxed e-con e-parent\" data-id=\"40ce0b1\" data-element_type=\"container\" data-e-type=\"container\" data-settings=\"{&quot;background_background&quot;:&quot;classic&quot;}\">\n\t\t\t\t\t<div class=\"e-con-inner\">\n\t\t<div class=\"elementor-element elementor-element-7be7ffc e-con-full e-flex e-con e-child\" data-id=\"7be7ffc\" data-element_type=\"container\" data-e-type=\"container\" data-settings=\"{&quot;background_background&quot;:&quot;classic&quot;}\">\n\t\t\t\t<div class=\"elementor-element elementor-element-b88b872 elementor-widget elementor-widget-text-editor\" data-id=\"b88b872\" data-element_type=\"widget\" data-e-type=\"widget\" data-widget_type=\"text-editor.default\">\n\t\t\t\t<div class=\"elementor-widget-container\">\n\t\t\t\t\t\t\t\t\t<p>WHAT DO WE OFFER?<\/p>\t\t\t\t\t\t\t\t<\/div>\n\t\t\t\t<\/div>\n\t\t\t\t<div class=\"elementor-element elementor-element-43cda07 elementor-widget-divider--view-line elementor-widget elementor-widget-divider\" data-id=\"43cda07\" data-element_type=\"widget\" data-e-type=\"widget\" data-widget_type=\"divider.default\">\n\t\t\t\t<div class=\"elementor-widget-container\">\n\t\t\t\t\t\t\t<div class=\"elementor-divider\">\n\t\t\t<span class=\"elementor-divider-separator\">\n\t\t\t\t\t\t<\/span>\n\t\t<\/div>\n\t\t\t\t\t\t<\/div>\n\t\t\t\t<\/div>\n\t\t\t\t<div class=\"elementor-element elementor-element-d9e78ee elementor-widget elementor-widget-text-editor\" data-id=\"d9e78ee\" data-element_type=\"widget\" data-e-type=\"widget\" data-widget_type=\"text-editor.default\">\n\t\t\t\t<div class=\"elementor-widget-container\">\n\t\t\t\t\t\t\t\t\t<ul><li>Management and promotion of the house on our website www.lohodihomes.com, on Instagram @lohodihomes and on portals such as Airbnb, booking, homeaway, vrbo, Rural getaway.<\/li><li>Communication and assistance 7 days a week with travellers, before and during their stay.<\/li><li>Personalised welcome and support for travellers.<\/li><li>Cleaning and laundry service.<\/li><li>Profitability two to three times higher than classic residential leasing.<\/li><li>Continuous price review to optimise demand.<\/li><li>A maximum optimised occupancy rate.<\/li><li>The availability of your property as soon as you wish.<\/li><li>Professional photography service.<\/li><li>Advice for the restyling of the house if desired.<\/li><\/ul>\t\t\t\t\t\t\t\t<\/div>\n\t\t\t\t<\/div>\n\t\t\t\t<\/div>\n\t\t<div class=\"elementor-element elementor-element-3912ef2 e-con-full e-flex e-con e-child\" data-id=\"3912ef2\" data-element_type=\"container\" data-e-type=\"container\" data-settings=\"{&quot;background_background&quot;:&quot;classic&quot;}\">\n\t\t\t\t<\/div>\n\t\t\t\t\t<\/div>\n\t\t\t\t<\/div>\n\t\t<div class=\"elementor-element elementor-element-a3d1418 e-flex e-con-boxed e-con e-parent\" data-id=\"a3d1418\" data-element_type=\"container\" data-e-type=\"container\">\n\t\t\t\t\t<div class=\"e-con-inner\">\n\t\t\t\t<div class=\"elementor-element elementor-element-e3759b2 elementor-widget elementor-widget-text-editor\" data-id=\"e3759b2\" data-element_type=\"widget\" data-e-type=\"widget\" data-widget_type=\"text-editor.default\">\n\t\t\t\t<div class=\"elementor-widget-container\">\n\t\t\t\t\t\t\t\t\t<p>TOURIST RENTAL SERVICE<\/p>\t\t\t\t\t\t\t\t<\/div>\n\t\t\t\t<\/div>\n\t\t\t\t<div class=\"elementor-element elementor-element-ed34b6e elementor-widget-divider--view-line elementor-widget elementor-widget-divider\" data-id=\"ed34b6e\" data-element_type=\"widget\" data-e-type=\"widget\" data-widget_type=\"divider.default\">\n\t\t\t\t<div class=\"elementor-widget-container\">\n\t\t\t\t\t\t\t<div class=\"elementor-divider\">\n\t\t\t<span class=\"elementor-divider-separator\">\n\t\t\t\t\t\t<\/span>\n\t\t<\/div>\n\t\t\t\t\t\t<\/div>\n\t\t\t\t<\/div>\n\t\t\t\t<div class=\"elementor-element elementor-element-615c55a elementor-widget elementor-widget-text-editor\" data-id=\"615c55a\" data-element_type=\"widget\" data-e-type=\"widget\" data-widget_type=\"text-editor.default\">\n\t\t\t\t<div class=\"elementor-widget-container\">\n\t\t\t\t\t\t\t\t\t<p>You can contact us by sending an email to<a href=\"mailto:info@lohodirentals.com\"> info@lohodihomes.com<\/a> or by filling out the form below, a member of our team will contact you shortly.<\/p>\t\t\t\t\t\t\t\t<\/div>\n\t\t\t\t<\/div>\n\t\t\t\t<div class=\"elementor-element elementor-element-f159b5f elementor-button-align-stretch elementor-widget elementor-widget-form\" data-id=\"f159b5f\" data-element_type=\"widget\" data-e-type=\"widget\" data-settings=\"{&quot;step_next_label&quot;:&quot;Siguiente&quot;,&quot;step_previous_label&quot;:&quot;Anterior&quot;,&quot;button_width&quot;:&quot;100&quot;,&quot;step_type&quot;:&quot;number_text&quot;,&quot;step_icon_shape&quot;:&quot;circle&quot;}\" data-widget_type=\"form.default\">\n\t\t\t\t<div class=\"elementor-widget-container\">\n\t\t\t\t\t\t\t<form class=\"elementor-form\" method=\"post\" name=\"Nuevo formulario\" aria-label=\"Nuevo formulario\">\n\t\t\t<input type=\"hidden\" name=\"post_id\" value=\"1514\"\/>\n\t\t\t<input type=\"hidden\" name=\"form_id\" value=\"f159b5f\"\/>\n\t\t\t<input type=\"hidden\" name=\"referer_title\" value=\"Home owners Lohodi - English-LohodiHomes\" \/>\n\n\t\t\t\t\t\t\t<input type=\"hidden\" name=\"queried_id\" value=\"1514\"\/>\n\t\t\t\n\t\t\t<div class=\"elementor-form-fields-wrapper elementor-labels-\">\n\t\t\t\t\t\t\t\t<div class=\"elementor-field-type-text\">\n\t\t\t\t\t<input size=\"1\" type=\"text\" name=\"form_fields[name]\" id=\"form-field-name\" class=\"elementor-field elementor-size-sm \" style=\"display:none !important;\">\t\t\t\t<\/div>\n\t\t\t\t\t\t\t\t<div class=\"elementor-field-type-text elementor-field-group elementor-column elementor-field-group-field_16bd34c elementor-col-100\">\n\t\t\t\t\t\t\t\t\t\t\t\t<label for=\"form-field-field_16bd34c\" class=\"elementor-field-label elementor-screen-only\">\n\t\t\t\t\t\t\t\tNombre\t\t\t\t\t\t\t<\/label>\n\t\t\t\t\t\t\t\t\t\t\t\t\t\t<input size=\"1\" type=\"text\" name=\"form_fields[field_16bd34c]\" id=\"form-field-field_16bd34c\" class=\"elementor-field elementor-size-sm  elementor-field-textual\" placeholder=\"Full name\">\n\t\t\t\t\t\t\t\t\t\t\t<\/div>\n\t\t\t\t\t\t\t\t<div class=\"elementor-field-type-text elementor-field-group elementor-column elementor-field-group-field_817525e elementor-col-100\">\n\t\t\t\t\t\t\t\t\t\t\t\t<label for=\"form-field-field_817525e\" class=\"elementor-field-label elementor-screen-only\">\n\t\t\t\t\t\t\t\tNombre de la propiedad\t\t\t\t\t\t\t<\/label>\n\t\t\t\t\t\t\t\t\t\t\t\t\t\t<input size=\"1\" type=\"text\" name=\"form_fields[field_817525e]\" id=\"form-field-field_817525e\" class=\"elementor-field elementor-size-sm  elementor-field-textual\" placeholder=\"Name of the property\">\n\t\t\t\t\t\t\t\t\t\t\t<\/div>\n\t\t\t\t\t\t\t\t<div class=\"elementor-field-type-text elementor-field-group elementor-column elementor-field-group-field_30ffe56 elementor-col-100\">\n\t\t\t\t\t\t\t\t\t\t\t\t<label for=\"form-field-field_30ffe56\" class=\"elementor-field-label elementor-screen-only\">\n\t\t\t\t\t\t\t\tUbicaci\u00f3n\t\t\t\t\t\t\t<\/label>\n\t\t\t\t\t\t\t\t\t\t\t\t\t\t<input size=\"1\" type=\"text\" name=\"form_fields[field_30ffe56]\" id=\"form-field-field_30ffe56\" class=\"elementor-field elementor-size-sm  elementor-field-textual\" placeholder=\"Location\">\n\t\t\t\t\t\t\t\t\t\t\t<\/div>\n\t\t\t\t\t\t\t\t<div class=\"elementor-field-type-text elementor-field-group elementor-column elementor-field-group-field_ac5b1be elementor-col-100\">\n\t\t\t\t\t\t\t\t\t\t\t\t<label for=\"form-field-field_ac5b1be\" class=\"elementor-field-label elementor-screen-only\">\n\t\t\t\t\t\t\t\tLicencia HUTG\t\t\t\t\t\t\t<\/label>\n\t\t\t\t\t\t\t\t\t\t\t\t\t\t<input size=\"1\" type=\"text\" name=\"form_fields[field_ac5b1be]\" id=\"form-field-field_ac5b1be\" class=\"elementor-field elementor-size-sm  elementor-field-textual\" placeholder=\"Do you have a HUG tourist licence?\">\n\t\t\t\t\t\t\t\t\t\t\t<\/div>\n\t\t\t\t\t\t\t\t<div class=\"elementor-field-type-email elementor-field-group elementor-column elementor-field-group-email elementor-col-50 elementor-field-required\">\n\t\t\t\t\t\t\t\t\t\t\t\t<label for=\"form-field-email\" class=\"elementor-field-label elementor-screen-only\">\n\t\t\t\t\t\t\t\tCorreo electr\u00f3nico\t\t\t\t\t\t\t<\/label>\n\t\t\t\t\t\t\t\t\t\t\t\t\t\t<input size=\"1\" type=\"email\" name=\"form_fields[email]\" id=\"form-field-email\" class=\"elementor-field elementor-size-sm  elementor-field-textual\" placeholder=\"Contact e-mail\" required=\"required\">\n\t\t\t\t\t\t\t\t\t\t\t<\/div>\n\t\t\t\t\t\t\t\t<div class=\"elementor-field-type-tel elementor-field-group elementor-column elementor-field-group-field_c36477f elementor-col-50 elementor-field-required\">\n\t\t\t\t\t\t\t\t\t\t\t\t<label for=\"form-field-field_c36477f\" class=\"elementor-field-label elementor-screen-only\">\n\t\t\t\t\t\t\t\tTel\t\t\t\t\t\t\t<\/label>\n\t\t\t\t\t\t\t\t<input size=\"1\" type=\"tel\" name=\"form_fields[field_c36477f]\" id=\"form-field-field_c36477f\" class=\"elementor-field elementor-size-sm  elementor-field-textual\" placeholder=\"Telephone\" required=\"required\" pattern=\"[0-9()#&amp;+*-=.]+\" title=\"Solo se aceptan n\u00fameros y caracteres de tel\u00e9fono (#,-,*,etc).\">\n\n\t\t\t\t\t\t<\/div>\n\t\t\t\t\t\t\t\t<div class=\"elementor-field-type-textarea elementor-field-group elementor-column elementor-field-group-message elementor-col-100\">\n\t\t\t\t\t\t\t\t\t\t\t\t<label for=\"form-field-message\" class=\"elementor-field-label elementor-screen-only\">\n\t\t\t\t\t\t\t\tMensaje\t\t\t\t\t\t\t<\/label>\n\t\t\t\t\t\t<textarea class=\"elementor-field-textual elementor-field  elementor-size-sm\" name=\"form_fields[message]\" id=\"form-field-message\" rows=\"4\" placeholder=\"Other comments\"><\/textarea>\t\t\t\t<\/div>\n\t\t\t\t\t\t\t\t<div class=\"elementor-field-type-acceptance elementor-field-group elementor-column elementor-field-group-field_4be6eba elementor-col-100\">\n\t\t\t\t\t\t\t<div class=\"elementor-field-subgroup\">\n\t\t\t<span class=\"elementor-field-option\">\n\t\t\t\t<input type=\"checkbox\" name=\"form_fields[field_4be6eba]\" id=\"form-field-field_4be6eba\" class=\"elementor-field elementor-size-sm  elementor-acceptance-field\">\n\t\t\t\t<label for=\"form-field-field_4be6eba\">I have read and accept the <a href=\"\/politica-de-privacidad\">privacy policy<\/a><\/label>\t\t\t<\/span>\n\t\t<\/div>\n\t\t\t\t\t\t<\/div>\n\t\t\t\t\t\t\t\t<div class=\"elementor-field-type-recaptcha_v3 elementor-field-group elementor-column elementor-field-group-field_e4adbfa elementor-col-100 recaptcha_v3-bottomright\">\n\t\t\t\t\t<div class=\"elementor-field\" id=\"form-field-field_e4adbfa\"><div class=\"elementor-g-recaptcha\" data-sitekey=\"6LdS8oMqAAAAAIRSyT43YcJlVriooQsBTaV8nC9o\" data-type=\"v3\" data-action=\"Form\" data-badge=\"bottomright\" data-size=\"invisible\"><\/div><\/div>\t\t\t\t<\/div>\n\t\t\t\t\t\t\t\t<div class=\"elementor-field-group elementor-column elementor-field-type-submit elementor-col-100 e-form__buttons\">\n\t\t\t\t\t<button class=\"elementor-button elementor-size-sm\" type=\"submit\">\n\t\t\t\t\t\t<span class=\"elementor-button-content-wrapper\">\n\t\t\t\t\t\t\t\t\t\t\t\t\t\t\t\t\t\t\t\t\t\t<span class=\"elementor-button-text\">LET'S TALK<\/span>\n\t\t\t\t\t\t\t\t\t\t\t\t\t<\/span>\n\t\t\t\t\t<\/button>\n\t\t\t\t<\/div>\n\t\t\t<\/div>\n\t\t<\/form>\n\t\t\t\t\t\t<\/div>\n\t\t\t\t<\/div>\n\t\t\t\t\t<\/div>\n\t\t\t\t<\/div>\n\t\t\t\t<\/div>\n\t\t","protected":false},"excerpt":{"rendered":"<p>Owners If you own a restored farmhouse, house or charming studio in the Empord\u00e0, we can help you to rent it for days or weeks. WHO IS BEHIND IT? Cristina and Marc met 19 years ago and since then they have gradually discovered their love for decoration, painting, colours and discovering and improving spaces that [&hellip;]<\/p>\n","protected":false},"author":1,"featured_media":0,"parent":0,"menu_order":0,"comment_status":"closed","ping_status":"closed","template":"","meta":{"footnotes":""},"class_list":["post-1514","page","type-page","status-publish","hentry"],"yoast_head":"<!-- This site is optimized with the Yoast SEO plugin v27.5 - https:\/\/yoast.com\/product\/yoast-seo-wordpress\/ -->\n<title>Home owners Lohodi - English-LohodiHomes<\/title>\n<meta name=\"description\" content=\"Si eres propietario de una Mas\u00eda restaurada, casa o estudio con encanto en el Ampurd\u00e1n, podemos ayudarte para alquilarla d\u00edas o semanas.\" \/>\n<meta name=\"robots\" content=\"index, follow, max-snippet:-1, max-image-preview:large, max-video-preview:-1\" \/>\n<link rel=\"canonical\" href=\"https:\/\/lohodihomes.com\/en\/owners-lohodi\/\" \/>\n<meta property=\"og:locale\" content=\"es_ES\" \/>\n<meta property=\"og:type\" content=\"article\" \/>\n<meta property=\"og:title\" content=\"Home owners Lohodi - English-LohodiHomes\" \/>\n<meta property=\"og:description\" content=\"Si eres propietario de una Mas\u00eda restaurada, casa o estudio con encanto en el Ampurd\u00e1n, podemos ayudarte para alquilarla d\u00edas o semanas.\" \/>\n<meta property=\"og:url\" content=\"https:\/\/lohodihomes.com\/en\/owners-lohodi\/\" \/>\n<meta property=\"og:site_name\" content=\"English-LohodiHomes\" \/>\n<meta property=\"article:modified_time\" content=\"2025-09-19T13:28:58+00:00\" \/>\n<meta name=\"twitter:card\" content=\"summary_large_image\" \/>\n<meta name=\"twitter:label1\" content=\"Tiempo de lectura\" \/>\n\t<meta name=\"twitter:data1\" content=\"2 minutos\" \/>\n<script type=\"application\/ld+json\" class=\"yoast-schema-graph\">{\"@context\":\"https:\\\/\\\/schema.org\",\"@graph\":[{\"@type\":\"WebPage\",\"@id\":\"https:\\\/\\\/lohodihomes.com\\\/en\\\/owners-lohodi\\\/\",\"url\":\"https:\\\/\\\/lohodihomes.com\\\/en\\\/owners-lohodi\\\/\",\"name\":\"Home owners Lohodi - English-LohodiHomes\",\"isPartOf\":{\"@id\":\"https:\\\/\\\/lohodihomes.com\\\/en\\\/#website\"},\"datePublished\":\"2024-11-05T16:45:34+00:00\",\"dateModified\":\"2025-09-19T13:28:58+00:00\",\"description\":\"Si eres propietario de una Mas\u00eda restaurada, casa o estudio con encanto en el Ampurd\u00e1n, podemos ayudarte para alquilarla d\u00edas o semanas.\",\"breadcrumb\":{\"@id\":\"https:\\\/\\\/lohodihomes.com\\\/en\\\/owners-lohodi\\\/#breadcrumb\"},\"inLanguage\":\"es\",\"potentialAction\":[{\"@type\":\"ReadAction\",\"target\":[\"https:\\\/\\\/lohodihomes.com\\\/en\\\/owners-lohodi\\\/\"]}]},{\"@type\":\"BreadcrumbList\",\"@id\":\"https:\\\/\\\/lohodihomes.com\\\/en\\\/owners-lohodi\\\/#breadcrumb\",\"itemListElement\":[{\"@type\":\"ListItem\",\"position\":1,\"name\":\"Portada\",\"item\":\"https:\\\/\\\/lohodihomes.com\\\/en\\\/\"},{\"@type\":\"ListItem\",\"position\":2,\"name\":\"Home owners Lohodi\"}]},{\"@type\":\"WebSite\",\"@id\":\"https:\\\/\\\/lohodihomes.com\\\/en\\\/#website\",\"url\":\"https:\\\/\\\/lohodihomes.com\\\/en\\\/\",\"name\":\"English-LohodiHomes\",\"description\":\"Casas rurales en La Empord\u00e1\",\"publisher\":{\"@id\":\"https:\\\/\\\/lohodihomes.com\\\/en\\\/#organization\"},\"potentialAction\":[{\"@type\":\"SearchAction\",\"target\":{\"@type\":\"EntryPoint\",\"urlTemplate\":\"https:\\\/\\\/lohodihomes.com\\\/en\\\/?s={search_term_string}\"},\"query-input\":{\"@type\":\"PropertyValueSpecification\",\"valueRequired\":true,\"valueName\":\"search_term_string\"}}],\"inLanguage\":\"es\"},{\"@type\":\"Organization\",\"@id\":\"https:\\\/\\\/lohodihomes.com\\\/en\\\/#organization\",\"name\":\"English-LohodiHomes\",\"url\":\"https:\\\/\\\/lohodihomes.com\\\/en\\\/\",\"logo\":{\"@type\":\"ImageObject\",\"inLanguage\":\"es\",\"@id\":\"https:\\\/\\\/lohodihomes.com\\\/en\\\/#\\\/schema\\\/logo\\\/image\\\/\",\"url\":\"https:\\\/\\\/lohodihomes.com\\\/en\\\/wp-content\\\/uploads\\\/sites\\\/4\\\/burdeos_LOHODI_valentinakalaydjian.studio-08.webp\",\"contentUrl\":\"https:\\\/\\\/lohodihomes.com\\\/en\\\/wp-content\\\/uploads\\\/sites\\\/4\\\/burdeos_LOHODI_valentinakalaydjian.studio-08.webp\",\"width\":400,\"height\":94,\"caption\":\"English-LohodiHomes\"},\"image\":{\"@id\":\"https:\\\/\\\/lohodihomes.com\\\/en\\\/#\\\/schema\\\/logo\\\/image\\\/\"}}]}<\/script>\n<!-- \/ Yoast SEO plugin. -->","yoast_head_json":{"title":"Home owners Lohodi - English-LohodiHomes","description":"Si eres propietario de una Mas\u00eda restaurada, casa o estudio con encanto en el Ampurd\u00e1n, podemos ayudarte para alquilarla d\u00edas o semanas.","robots":{"index":"index","follow":"follow","max-snippet":"max-snippet:-1","max-image-preview":"max-image-preview:large","max-video-preview":"max-video-preview:-1"},"canonical":"https:\/\/lohodihomes.com\/en\/owners-lohodi\/","og_locale":"es_ES","og_type":"article","og_title":"Home owners Lohodi - English-LohodiHomes","og_description":"Si eres propietario de una Mas\u00eda restaurada, casa o estudio con encanto en el Ampurd\u00e1n, podemos ayudarte para alquilarla d\u00edas o semanas.","og_url":"https:\/\/lohodihomes.com\/en\/owners-lohodi\/","og_site_name":"English-LohodiHomes","article_modified_time":"2025-09-19T13:28:58+00:00","twitter_card":"summary_large_image","twitter_misc":{"Tiempo de lectura":"2 minutos"},"schema":{"@context":"https:\/\/schema.org","@graph":[{"@type":"WebPage","@id":"https:\/\/lohodihomes.com\/en\/owners-lohodi\/","url":"https:\/\/lohodihomes.com\/en\/owners-lohodi\/","name":"Home owners Lohodi - English-LohodiHomes","isPartOf":{"@id":"https:\/\/lohodihomes.com\/en\/#website"},"datePublished":"2024-11-05T16:45:34+00:00","dateModified":"2025-09-19T13:28:58+00:00","description":"Si eres propietario de una Mas\u00eda restaurada, casa o estudio con encanto en el Ampurd\u00e1n, podemos ayudarte para alquilarla d\u00edas o semanas.","breadcrumb":{"@id":"https:\/\/lohodihomes.com\/en\/owners-lohodi\/#breadcrumb"},"inLanguage":"es","potentialAction":[{"@type":"ReadAction","target":["https:\/\/lohodihomes.com\/en\/owners-lohodi\/"]}]},{"@type":"BreadcrumbList","@id":"https:\/\/lohodihomes.com\/en\/owners-lohodi\/#breadcrumb","itemListElement":[{"@type":"ListItem","position":1,"name":"Portada","item":"https:\/\/lohodihomes.com\/en\/"},{"@type":"ListItem","position":2,"name":"Home owners Lohodi"}]},{"@type":"WebSite","@id":"https:\/\/lohodihomes.com\/en\/#website","url":"https:\/\/lohodihomes.com\/en\/","name":"English-LohodiHomes","description":"Casas rurales en La Empord\u00e1","publisher":{"@id":"https:\/\/lohodihomes.com\/en\/#organization"},"potentialAction":[{"@type":"SearchAction","target":{"@type":"EntryPoint","urlTemplate":"https:\/\/lohodihomes.com\/en\/?s={search_term_string}"},"query-input":{"@type":"PropertyValueSpecification","valueRequired":true,"valueName":"search_term_string"}}],"inLanguage":"es"},{"@type":"Organization","@id":"https:\/\/lohodihomes.com\/en\/#organization","name":"English-LohodiHomes","url":"https:\/\/lohodihomes.com\/en\/","logo":{"@type":"ImageObject","inLanguage":"es","@id":"https:\/\/lohodihomes.com\/en\/#\/schema\/logo\/image\/","url":"https:\/\/lohodihomes.com\/en\/wp-content\/uploads\/sites\/4\/burdeos_LOHODI_valentinakalaydjian.studio-08.webp","contentUrl":"https:\/\/lohodihomes.com\/en\/wp-content\/uploads\/sites\/4\/burdeos_LOHODI_valentinakalaydjian.studio-08.webp","width":400,"height":94,"caption":"English-LohodiHomes"},"image":{"@id":"https:\/\/lohodihomes.com\/en\/#\/schema\/logo\/image\/"}}]}},"_links":{"self":[{"href":"https:\/\/lohodihomes.com\/en\/wp-json\/wp\/v2\/pages\/1514","targetHints":{"allow":["GET"]}}],"collection":[{"href":"https:\/\/lohodihomes.com\/en\/wp-json\/wp\/v2\/pages"}],"about":[{"href":"https:\/\/lohodihomes.com\/en\/wp-json\/wp\/v2\/types\/page"}],"author":[{"embeddable":true,"href":"https:\/\/lohodihomes.com\/en\/wp-json\/wp\/v2\/users\/1"}],"replies":[{"embeddable":true,"href":"https:\/\/lohodihomes.com\/en\/wp-json\/wp\/v2\/comments?post=1514"}],"version-history":[{"count":0,"href":"https:\/\/lohodihomes.com\/en\/wp-json\/wp\/v2\/pages\/1514\/revisions"}],"wp:attachment":[{"href":"https:\/\/lohodihomes.com\/en\/wp-json\/wp\/v2\/media?parent=1514"}],"curies":[{"name":"wp","href":"https:\/\/api.w.org\/{rel}","templated":true}]}}