{"id":1325,"date":"2024-10-31T16:28:12","date_gmt":"2024-10-31T15:28:12","guid":{"rendered":"https:\/\/lohodihomes.com\/?page_id=1325"},"modified":"2026-03-28T13:19:07","modified_gmt":"2026-03-28T12:19:07","slug":"promociones-lohodi","status":"publish","type":"page","link":"https:\/\/lohodihomes.com\/fr\/promociones-lohodi\/","title":{"rendered":"Promociones Lohodi"},"content":{"rendered":"\t\t<div data-elementor-type=\"wp-page\" data-elementor-id=\"1325\" class=\"elementor elementor-1325\" data-elementor-post-type=\"page\">\n\t\t\t\t<div class=\"elementor-element elementor-element-0497f8d e-flex e-con-boxed e-con e-parent\" data-id=\"0497f8d\" data-element_type=\"container\" data-e-type=\"container\" data-settings=\"{&quot;background_background&quot;:&quot;classic&quot;}\">\n\t\t\t\t\t<div class=\"e-con-inner\">\n\t\t\t\t\t<\/div>\n\t\t\t\t<\/div>\n\t\t<div class=\"elementor-element elementor-element-99122b2 e-flex e-con-boxed e-con e-parent\" data-id=\"99122b2\" data-element_type=\"container\" data-e-type=\"container\">\n\t\t\t\t\t<div class=\"e-con-inner\">\n\t\t\t\t<div class=\"elementor-element elementor-element-b9cd78f elementor-widget__width-initial elementor-cta--skin-classic elementor-animated-content elementor-bg-transform elementor-bg-transform-zoom-in elementor-widget elementor-widget-call-to-action\" data-id=\"b9cd78f\" data-element_type=\"widget\" data-e-type=\"widget\" data-widget_type=\"call-to-action.default\">\n\t\t\t\t<div class=\"elementor-widget-container\">\n\t\t\t\t\t\t\t<div class=\"elementor-cta\">\n\t\t\t\t\t<div class=\"elementor-cta__bg-wrapper\">\n\t\t\t\t<div class=\"elementor-cta__bg elementor-bg\" style=\"background-image: url(https:\/\/lohodihomes.com\/fr\/wp-content\/uploads\/sites\/5\/casa-mar24-1.webp);\" role=\"img\" aria-label=\"casa mar24.webp\"><\/div>\n\t\t\t\t<div class=\"elementor-cta__bg-overlay\"><\/div>\n\t\t\t<\/div>\n\t\t\t\t\t\t\t<div class=\"elementor-cta__content\">\n\t\t\t\t\n\t\t\t\t\t\t\t\t\t<h2 class=\"elementor-cta__title elementor-cta__content-item elementor-content-item\">\n\t\t\t\t\t\tAVRIL\t\t\t\t\t<\/h2>\n\t\t\t\t\n\t\t\t\t\t\t\t\t\t<div class=\"elementor-cta__description elementor-cta__content-item elementor-content-item\">\n\t\t\t\t\t\tUn d\u00e9tail pour vous : 5 % de r\u00e9duction le mois d'avril\t\t\t\t\t<\/div>\n\t\t\t\t\n\t\t\t\t\t\t\t\t\t<div class=\"elementor-cta__button-wrapper elementor-cta__content-item elementor-content-item \">\n\t\t\t\t\t<a class=\"elementor-cta__button elementor-button elementor-size-\" href=\"https:\/\/booking.avirato.com\/?code=12844112\" target=\"_blank\">\n\t\t\t\t\t\tCODE: LOHODI5\t\t\t\t\t<\/a>\n\t\t\t\t\t<\/div>\n\t\t\t\t\t\t\t<\/div>\n\t\t\t\t\t\t<\/div>\n\t\t\t\t\t\t<\/div>\n\t\t\t\t<\/div>\n\t\t\t\t<div class=\"elementor-element elementor-element-5bf5516 elementor-widget__width-initial elementor-cta--skin-classic elementor-animated-content elementor-bg-transform elementor-bg-transform-zoom-in elementor-widget elementor-widget-call-to-action\" data-id=\"5bf5516\" data-element_type=\"widget\" data-e-type=\"widget\" data-widget_type=\"call-to-action.default\">\n\t\t\t\t<div class=\"elementor-widget-container\">\n\t\t\t\t\t\t\t<div class=\"elementor-cta\">\n\t\t\t\t\t<div class=\"elementor-cta__bg-wrapper\">\n\t\t\t\t<div class=\"elementor-cta__bg elementor-bg\" style=\"background-image: url(https:\/\/lohodihomes.com\/fr\/wp-content\/uploads\/sites\/5\/Casa-Manela_31.jpg);\" role=\"img\" aria-label=\"Casa Manela 31\"><\/div>\n\t\t\t\t<div class=\"elementor-cta__bg-overlay\"><\/div>\n\t\t\t<\/div>\n\t\t\t\t\t\t\t<div class=\"elementor-cta__content\">\n\t\t\t\t\n\t\t\t\t\t\t\t\t\t<h2 class=\"elementor-cta__title elementor-cta__content-item elementor-content-item\">\n\t\t\t\t\t\tGUIDE LOHODI \t\t\t\t\t<\/h2>\n\t\t\t\t\n\t\t\t\t\t\t\t\t\t<div class=\"elementor-cta__description elementor-cta__content-item elementor-content-item\">\n\t\t\t\t\t\t<p data-start=\"0\" data-end=\"218\">Si vous r\u00e9servez avec LOHODI, nous vous enverrons notre guide soigneusement con\u00e7u, avec nos plus belles adresses et recommandations de l\u2019Empord\u00e0 : restaurants, march\u00e9s, galeries et lieux inspirants \u00e0 d\u00e9couvrir.\n<span style=\"letter-spacing: 0.64px;font-size: 1rem\">Une invitation \u00e0 vivre l\u2019Empord\u00e0 autrement, au rythme de la douceur, de l\u2019authenticit\u00e9 et de la beaut\u00e9 des choses simples.<\/span><\/p>\n\t\t\t\t\t<\/div>\n\t\t\t\t\n\t\t\t\t\t\t\t\t\t<div class=\"elementor-cta__button-wrapper elementor-cta__content-item elementor-content-item \">\n\t\t\t\t\t<a class=\"elementor-cta__button elementor-button elementor-size-\" href=\"#elementor-action%3Aaction%3Dpopup%3Aopen%26settings%3DeyJpZCI6IjMyMzkiLCJ0b2dnbGUiOmZhbHNlfQ%3D%3D\" target=\"_blank\">\n\t\t\t\t\t\treserver\t\t\t\t\t<\/a>\n\t\t\t\t\t<\/div>\n\t\t\t\t\t\t\t<\/div>\n\t\t\t\t\t\t<\/div>\n\t\t\t\t\t\t<\/div>\n\t\t\t\t<\/div>\n\t\t\t\t<div class=\"elementor-element elementor-element-3c663aa elementor-widget__width-initial elementor-cta--skin-classic elementor-animated-content elementor-bg-transform elementor-bg-transform-zoom-in elementor-widget elementor-widget-call-to-action\" data-id=\"3c663aa\" data-element_type=\"widget\" data-e-type=\"widget\" data-widget_type=\"call-to-action.default\">\n\t\t\t\t<div class=\"elementor-widget-container\">\n\t\t\t\t\t\t\t<div class=\"elementor-cta\">\n\t\t\t\t\t<div class=\"elementor-cta__bg-wrapper\">\n\t\t\t\t<div class=\"elementor-cta__bg elementor-bg\" style=\"background-image: url(https:\/\/lohodihomes.com\/fr\/wp-content\/uploads\/sites\/5\/LH2511_Otra_Paseo_015.jpg);\" role=\"img\" aria-label=\"LH2511 Otra Paseo 015\"><\/div>\n\t\t\t\t<div class=\"elementor-cta__bg-overlay\"><\/div>\n\t\t\t<\/div>\n\t\t\t\t\t\t\t<div class=\"elementor-cta__content\">\n\t\t\t\t\n\t\t\t\t\t\t\t\t\t<h2 class=\"elementor-cta__title elementor-cta__content-item elementor-content-item\">\n\t\t\t\t\t\tClub Fid\u00e9lit\u00e9\t\t\t\t\t<\/h2>\n\t\t\t\t\n\t\t\t\t\t\t\t\t\t<div class=\"elementor-cta__description elementor-cta__content-item elementor-content-item\">\n\t\t\t\t\t\tRejoignez notre Club de fid\u00e9lit\u00e9 et accumulez des points que vous pourrez \u00e9changer lors de votre prochaine r\u00e9servation chez LOHODI Homes.\t\t\t\t\t<\/div>\n\t\t\t\t\n\t\t\t\t\t\t\t\t\t<div class=\"elementor-cta__button-wrapper elementor-cta__content-item elementor-content-item \">\n\t\t\t\t\t<a class=\"elementor-cta__button elementor-button elementor-size-\" href=\"https:\/\/booking.avirato.com\/12844112\/loyalty\/accessPoint\" target=\"_blank\">\n\t\t\t\t\t\tS'ABONNER\t\t\t\t\t<\/a>\n\t\t\t\t\t<\/div>\n\t\t\t\t\t\t\t<\/div>\n\t\t\t\t\t\t<\/div>\n\t\t\t\t\t\t<\/div>\n\t\t\t\t<\/div>\n\t\t\t\t\t<\/div>\n\t\t\t\t<\/div>\n\t\t\t\t<\/div>\n\t\t","protected":false},"excerpt":{"rendered":"<p>AVRIL Un d\u00e9tail pour vous : 5 % de r\u00e9duction le mois d&#8217;avril CODE: LOHODI5 GUIDE LOHODI Si vous r\u00e9servez avec LOHODI, nous vous enverrons notre guide soigneusement con\u00e7u, avec nos plus belles adresses et recommandations de l\u2019Empord\u00e0 : restaurants, march\u00e9s, galeries et lieux inspirants \u00e0 d\u00e9couvrir. Une invitation \u00e0 vivre l\u2019Empord\u00e0 autrement, au rythme [&hellip;]<\/p>\n","protected":false},"author":1,"featured_media":2149,"parent":0,"menu_order":0,"comment_status":"closed","ping_status":"closed","template":"","meta":{"footnotes":""},"class_list":["post-1325","page","type-page","status-publish","has-post-thumbnail","hentry"],"yoast_head":"<!-- This site is optimized with the Yoast SEO plugin v27.5 - https:\/\/yoast.com\/product\/yoast-seo-wordpress\/ -->\n<title>Promociones Lohodi - lohodi homes fr<\/title>\n<meta name=\"description\" content=\"Promociones: Oportunidades exclusivas para experiencias inolvidables en L&#039;Empord\u00e0. Reserve en nuestra web oficial con todas las ventajas.\" \/>\n<meta name=\"robots\" content=\"index, follow, max-snippet:-1, max-image-preview:large, max-video-preview:-1\" \/>\n<link rel=\"canonical\" href=\"https:\/\/lohodihomes.com\/fr\/promociones-lohodi\/\" \/>\n<meta property=\"og:locale\" content=\"es_ES\" \/>\n<meta property=\"og:type\" content=\"article\" \/>\n<meta property=\"og:title\" content=\"Promociones Lohodi - lohodi homes fr\" \/>\n<meta property=\"og:description\" content=\"Promociones: Oportunidades exclusivas para experiencias inolvidables en L&#039;Empord\u00e0. Reserve en nuestra web oficial con todas las ventajas.\" \/>\n<meta property=\"og:url\" content=\"https:\/\/lohodihomes.com\/fr\/promociones-lohodi\/\" \/>\n<meta property=\"og:site_name\" content=\"lohodi homes fr\" \/>\n<meta property=\"article:modified_time\" content=\"2026-03-28T12:19:07+00:00\" \/>\n<meta property=\"og:image\" content=\"https:\/\/lohodihomes.com\/fr\/wp-content\/uploads\/sites\/5\/platja-del-pi-costa-brava.webp\" \/>\n\t<meta property=\"og:image:width\" content=\"1920\" \/>\n\t<meta property=\"og:image:height\" content=\"1149\" \/>\n\t<meta property=\"og:image:type\" content=\"image\/webp\" \/>\n<meta name=\"twitter:card\" content=\"summary_large_image\" \/>\n<meta name=\"twitter:label1\" content=\"Tiempo de lectura\" \/>\n\t<meta name=\"twitter:data1\" content=\"1 minuto\" \/>\n<script type=\"application\/ld+json\" class=\"yoast-schema-graph\">{\"@context\":\"https:\\\/\\\/schema.org\",\"@graph\":[{\"@type\":\"WebPage\",\"@id\":\"https:\\\/\\\/lohodihomes.com\\\/fr\\\/promociones-lohodi\\\/\",\"url\":\"https:\\\/\\\/lohodihomes.com\\\/fr\\\/promociones-lohodi\\\/\",\"name\":\"Promociones Lohodi - lohodi homes fr\",\"isPartOf\":{\"@id\":\"https:\\\/\\\/lohodihomes.com\\\/fr\\\/#website\"},\"primaryImageOfPage\":{\"@id\":\"https:\\\/\\\/lohodihomes.com\\\/fr\\\/promociones-lohodi\\\/#primaryimage\"},\"image\":{\"@id\":\"https:\\\/\\\/lohodihomes.com\\\/fr\\\/promociones-lohodi\\\/#primaryimage\"},\"thumbnailUrl\":\"https:\\\/\\\/lohodihomes.com\\\/fr\\\/wp-content\\\/uploads\\\/sites\\\/5\\\/platja-del-pi-costa-brava.webp\",\"datePublished\":\"2024-10-31T15:28:12+00:00\",\"dateModified\":\"2026-03-28T12:19:07+00:00\",\"description\":\"Promociones: Oportunidades exclusivas para experiencias inolvidables en L'Empord\u00e0. Reserve en nuestra web oficial con todas las ventajas.\",\"breadcrumb\":{\"@id\":\"https:\\\/\\\/lohodihomes.com\\\/fr\\\/promociones-lohodi\\\/#breadcrumb\"},\"inLanguage\":\"es\",\"potentialAction\":[{\"@type\":\"ReadAction\",\"target\":[\"https:\\\/\\\/lohodihomes.com\\\/fr\\\/promociones-lohodi\\\/\"]}]},{\"@type\":\"ImageObject\",\"inLanguage\":\"es\",\"@id\":\"https:\\\/\\\/lohodihomes.com\\\/fr\\\/promociones-lohodi\\\/#primaryimage\",\"url\":\"https:\\\/\\\/lohodihomes.com\\\/fr\\\/wp-content\\\/uploads\\\/sites\\\/5\\\/platja-del-pi-costa-brava.webp\",\"contentUrl\":\"https:\\\/\\\/lohodihomes.com\\\/fr\\\/wp-content\\\/uploads\\\/sites\\\/5\\\/platja-del-pi-costa-brava.webp\",\"width\":1920,\"height\":1149,\"caption\":\"platja del pi costa brava\"},{\"@type\":\"BreadcrumbList\",\"@id\":\"https:\\\/\\\/lohodihomes.com\\\/fr\\\/promociones-lohodi\\\/#breadcrumb\",\"itemListElement\":[{\"@type\":\"ListItem\",\"position\":1,\"name\":\"Portada\",\"item\":\"https:\\\/\\\/lohodihomes.com\\\/fr\\\/\"},{\"@type\":\"ListItem\",\"position\":2,\"name\":\"Promociones Lohodi\"}]},{\"@type\":\"WebSite\",\"@id\":\"https:\\\/\\\/lohodihomes.com\\\/fr\\\/#website\",\"url\":\"https:\\\/\\\/lohodihomes.com\\\/fr\\\/\",\"name\":\"lohodi homes fr\",\"description\":\"Casas rurales en La Empord\u00e1\",\"publisher\":{\"@id\":\"https:\\\/\\\/lohodihomes.com\\\/fr\\\/#organization\"},\"potentialAction\":[{\"@type\":\"SearchAction\",\"target\":{\"@type\":\"EntryPoint\",\"urlTemplate\":\"https:\\\/\\\/lohodihomes.com\\\/fr\\\/?s={search_term_string}\"},\"query-input\":{\"@type\":\"PropertyValueSpecification\",\"valueRequired\":true,\"valueName\":\"search_term_string\"}}],\"inLanguage\":\"es\"},{\"@type\":\"Organization\",\"@id\":\"https:\\\/\\\/lohodihomes.com\\\/fr\\\/#organization\",\"name\":\"lohodi homes fr\",\"url\":\"https:\\\/\\\/lohodihomes.com\\\/fr\\\/\",\"logo\":{\"@type\":\"ImageObject\",\"inLanguage\":\"es\",\"@id\":\"https:\\\/\\\/lohodihomes.com\\\/fr\\\/#\\\/schema\\\/logo\\\/image\\\/\",\"url\":\"https:\\\/\\\/lohodihomes.com\\\/fr\\\/wp-content\\\/uploads\\\/sites\\\/5\\\/burdeos_LOHODI_valentinakalaydjian.studio-08.webp\",\"contentUrl\":\"https:\\\/\\\/lohodihomes.com\\\/fr\\\/wp-content\\\/uploads\\\/sites\\\/5\\\/burdeos_LOHODI_valentinakalaydjian.studio-08.webp\",\"width\":400,\"height\":94,\"caption\":\"lohodi homes fr\"},\"image\":{\"@id\":\"https:\\\/\\\/lohodihomes.com\\\/fr\\\/#\\\/schema\\\/logo\\\/image\\\/\"}}]}<\/script>\n<!-- \/ Yoast SEO plugin. -->","yoast_head_json":{"title":"Promociones Lohodi - lohodi homes fr","description":"Promociones: Oportunidades exclusivas para experiencias inolvidables en L'Empord\u00e0. Reserve en nuestra web oficial con todas las ventajas.","robots":{"index":"index","follow":"follow","max-snippet":"max-snippet:-1","max-image-preview":"max-image-preview:large","max-video-preview":"max-video-preview:-1"},"canonical":"https:\/\/lohodihomes.com\/fr\/promociones-lohodi\/","og_locale":"es_ES","og_type":"article","og_title":"Promociones Lohodi - lohodi homes fr","og_description":"Promociones: Oportunidades exclusivas para experiencias inolvidables en L'Empord\u00e0. Reserve en nuestra web oficial con todas las ventajas.","og_url":"https:\/\/lohodihomes.com\/fr\/promociones-lohodi\/","og_site_name":"lohodi homes fr","article_modified_time":"2026-03-28T12:19:07+00:00","og_image":[{"width":1920,"height":1149,"url":"https:\/\/lohodihomes.com\/fr\/wp-content\/uploads\/sites\/5\/platja-del-pi-costa-brava.webp","type":"image\/webp"}],"twitter_card":"summary_large_image","twitter_misc":{"Tiempo de lectura":"1 minuto"},"schema":{"@context":"https:\/\/schema.org","@graph":[{"@type":"WebPage","@id":"https:\/\/lohodihomes.com\/fr\/promociones-lohodi\/","url":"https:\/\/lohodihomes.com\/fr\/promociones-lohodi\/","name":"Promociones Lohodi - lohodi homes fr","isPartOf":{"@id":"https:\/\/lohodihomes.com\/fr\/#website"},"primaryImageOfPage":{"@id":"https:\/\/lohodihomes.com\/fr\/promociones-lohodi\/#primaryimage"},"image":{"@id":"https:\/\/lohodihomes.com\/fr\/promociones-lohodi\/#primaryimage"},"thumbnailUrl":"https:\/\/lohodihomes.com\/fr\/wp-content\/uploads\/sites\/5\/platja-del-pi-costa-brava.webp","datePublished":"2024-10-31T15:28:12+00:00","dateModified":"2026-03-28T12:19:07+00:00","description":"Promociones: Oportunidades exclusivas para experiencias inolvidables en L'Empord\u00e0. Reserve en nuestra web oficial con todas las ventajas.","breadcrumb":{"@id":"https:\/\/lohodihomes.com\/fr\/promociones-lohodi\/#breadcrumb"},"inLanguage":"es","potentialAction":[{"@type":"ReadAction","target":["https:\/\/lohodihomes.com\/fr\/promociones-lohodi\/"]}]},{"@type":"ImageObject","inLanguage":"es","@id":"https:\/\/lohodihomes.com\/fr\/promociones-lohodi\/#primaryimage","url":"https:\/\/lohodihomes.com\/fr\/wp-content\/uploads\/sites\/5\/platja-del-pi-costa-brava.webp","contentUrl":"https:\/\/lohodihomes.com\/fr\/wp-content\/uploads\/sites\/5\/platja-del-pi-costa-brava.webp","width":1920,"height":1149,"caption":"platja del pi costa brava"},{"@type":"BreadcrumbList","@id":"https:\/\/lohodihomes.com\/fr\/promociones-lohodi\/#breadcrumb","itemListElement":[{"@type":"ListItem","position":1,"name":"Portada","item":"https:\/\/lohodihomes.com\/fr\/"},{"@type":"ListItem","position":2,"name":"Promociones Lohodi"}]},{"@type":"WebSite","@id":"https:\/\/lohodihomes.com\/fr\/#website","url":"https:\/\/lohodihomes.com\/fr\/","name":"lohodi homes fr","description":"Casas rurales en La Empord\u00e1","publisher":{"@id":"https:\/\/lohodihomes.com\/fr\/#organization"},"potentialAction":[{"@type":"SearchAction","target":{"@type":"EntryPoint","urlTemplate":"https:\/\/lohodihomes.com\/fr\/?s={search_term_string}"},"query-input":{"@type":"PropertyValueSpecification","valueRequired":true,"valueName":"search_term_string"}}],"inLanguage":"es"},{"@type":"Organization","@id":"https:\/\/lohodihomes.com\/fr\/#organization","name":"lohodi homes fr","url":"https:\/\/lohodihomes.com\/fr\/","logo":{"@type":"ImageObject","inLanguage":"es","@id":"https:\/\/lohodihomes.com\/fr\/#\/schema\/logo\/image\/","url":"https:\/\/lohodihomes.com\/fr\/wp-content\/uploads\/sites\/5\/burdeos_LOHODI_valentinakalaydjian.studio-08.webp","contentUrl":"https:\/\/lohodihomes.com\/fr\/wp-content\/uploads\/sites\/5\/burdeos_LOHODI_valentinakalaydjian.studio-08.webp","width":400,"height":94,"caption":"lohodi homes fr"},"image":{"@id":"https:\/\/lohodihomes.com\/fr\/#\/schema\/logo\/image\/"}}]}},"_links":{"self":[{"href":"https:\/\/lohodihomes.com\/fr\/wp-json\/wp\/v2\/pages\/1325","targetHints":{"allow":["GET"]}}],"collection":[{"href":"https:\/\/lohodihomes.com\/fr\/wp-json\/wp\/v2\/pages"}],"about":[{"href":"https:\/\/lohodihomes.com\/fr\/wp-json\/wp\/v2\/types\/page"}],"author":[{"embeddable":true,"href":"https:\/\/lohodihomes.com\/fr\/wp-json\/wp\/v2\/users\/1"}],"replies":[{"embeddable":true,"href":"https:\/\/lohodihomes.com\/fr\/wp-json\/wp\/v2\/comments?post=1325"}],"version-history":[{"count":87,"href":"https:\/\/lohodihomes.com\/fr\/wp-json\/wp\/v2\/pages\/1325\/revisions"}],"predecessor-version":[{"id":4528,"href":"https:\/\/lohodihomes.com\/fr\/wp-json\/wp\/v2\/pages\/1325\/revisions\/4528"}],"wp:featuredmedia":[{"embeddable":true,"href":"https:\/\/lohodihomes.com\/fr\/wp-json\/wp\/v2\/media\/2149"}],"wp:attachment":[{"href":"https:\/\/lohodihomes.com\/fr\/wp-json\/wp\/v2\/media?parent=1325"}],"curies":[{"name":"wp","href":"https:\/\/api.w.org\/{rel}","templated":true}]}}