{"id":1514,"date":"2024-11-05T17:45:34","date_gmt":"2024-11-05T16:45:34","guid":{"rendered":"https:\/\/lohodihomes.com\/?page_id=1514"},"modified":"2025-09-19T15:29:57","modified_gmt":"2025-09-19T13:29:57","slug":"propietarios-lohodi","status":"publish","type":"page","link":"https:\/\/lohodihomes.com\/fr\/propietarios-lohodi\/","title":{"rendered":"Propietarios Lohodi"},"content":{"rendered":"\t\t<div data-elementor-type=\"wp-page\" data-elementor-id=\"1514\" class=\"elementor elementor-1514\" data-elementor-post-type=\"page\">\n\t\t\t\t<div class=\"elementor-element elementor-element-0497f8d e-flex e-con-boxed e-con e-parent\" data-id=\"0497f8d\" data-element_type=\"container\" data-e-type=\"container\" data-settings=\"{&quot;background_background&quot;:&quot;classic&quot;}\">\n\t\t\t\t\t<div class=\"e-con-inner\">\n\t\t\t\t\t<\/div>\n\t\t\t\t<\/div>\n\t\t<div class=\"elementor-element elementor-element-68ec9aa e-flex e-con-boxed e-con e-parent\" data-id=\"68ec9aa\" data-element_type=\"container\" data-e-type=\"container\" data-settings=\"{&quot;background_background&quot;:&quot;classic&quot;}\">\n\t\t\t\t\t<div class=\"e-con-inner\">\n\t\t\t\t<div class=\"elementor-element elementor-element-1773dee elementor-widget elementor-widget-heading\" data-id=\"1773dee\" data-element_type=\"widget\" data-e-type=\"widget\" data-widget_type=\"heading.default\">\n\t\t\t\t<div class=\"elementor-widget-container\">\n\t\t\t\t\t<h2 class=\"elementor-heading-title elementor-size-default\">Propri\u00e9taires<\/h2>\t\t\t\t<\/div>\n\t\t\t\t<\/div>\n\t\t\t\t<div class=\"elementor-element elementor-element-de645f9 elementor-widget__width-initial elementor-widget elementor-widget-text-editor\" data-id=\"de645f9\" data-element_type=\"widget\" data-e-type=\"widget\" data-widget_type=\"text-editor.default\">\n\t\t\t\t<div class=\"elementor-widget-container\">\n\t\t\t\t\t\t\t\t\t<p>Si vous \u00eates propri\u00e9taire d&#8217;une ferme restaur\u00e9e, d&#8217;une maison ou d&#8217;un charmant studio dans l&#8217;Empord\u00e0, nous pouvons vous aider \u00e0 le louer pour quelques jours ou quelques semaines.<\/p>\t\t\t\t\t\t\t\t<\/div>\n\t\t\t\t<\/div>\n\t\t\t\t\t<\/div>\n\t\t\t\t<\/div>\n\t\t<div class=\"elementor-element elementor-element-cd6222b e-flex e-con-boxed e-con e-parent\" data-id=\"cd6222b\" data-element_type=\"container\" data-e-type=\"container\">\n\t\t\t\t\t<div class=\"e-con-inner\">\n\t\t<div class=\"elementor-element elementor-element-609d998 e-con-full e-flex e-con e-child\" data-id=\"609d998\" data-element_type=\"container\" data-e-type=\"container\" data-settings=\"{&quot;background_background&quot;:&quot;classic&quot;}\">\n\t\t\t\t<\/div>\n\t\t<div class=\"elementor-element elementor-element-75587a0 e-con-full e-flex e-con e-child\" data-id=\"75587a0\" data-element_type=\"container\" data-e-type=\"container\" data-settings=\"{&quot;background_background&quot;:&quot;classic&quot;}\">\n\t\t\t\t<div class=\"elementor-element elementor-element-97b05d9 elementor-widget elementor-widget-text-editor\" data-id=\"97b05d9\" data-element_type=\"widget\" data-e-type=\"widget\" data-widget_type=\"text-editor.default\">\n\t\t\t\t<div class=\"elementor-widget-container\">\n\t\t\t\t\t\t\t\t\t<p>QUI EST \u00c0 L&#8217;ORIGINE DE CE PROJET ?<\/p>\t\t\t\t\t\t\t\t<\/div>\n\t\t\t\t<\/div>\n\t\t\t\t<div class=\"elementor-element elementor-element-cc734b4 elementor-widget-divider--view-line elementor-widget elementor-widget-divider\" data-id=\"cc734b4\" data-element_type=\"widget\" data-e-type=\"widget\" data-widget_type=\"divider.default\">\n\t\t\t\t<div class=\"elementor-widget-container\">\n\t\t\t\t\t\t\t<div class=\"elementor-divider\">\n\t\t\t<span class=\"elementor-divider-separator\">\n\t\t\t\t\t\t<\/span>\n\t\t<\/div>\n\t\t\t\t\t\t<\/div>\n\t\t\t\t<\/div>\n\t\t\t\t<div class=\"elementor-element elementor-element-715a740 elementor-widget elementor-widget-text-editor\" data-id=\"715a740\" data-element_type=\"widget\" data-e-type=\"widget\" data-widget_type=\"text-editor.default\">\n\t\t\t\t<div class=\"elementor-widget-container\">\n\t\t\t\t\t\t\t\t\t<p>Cristina et Marc se sont rencontr\u00e9s il y a 19 ans et depuis, ils ont progressivement d\u00e9couvert leur amour pour la d\u00e9coration, la peinture, les couleurs et la d\u00e9couverte et l&#8217;am\u00e9lioration d&#8217;espaces qui pourraient sembler sans \u00e2me, pour les transformer en maisons pleines de lumi\u00e8re. Nous avons grandi et v\u00e9cu dans l&#8217;Empord\u00e0, o\u00f9 l&#8217;\u00e9t\u00e9 est interminable, et nous habitons maintenant \u00e0 l&#8217;Escala, pr\u00e8s de la mer. Nous avons tous deux \u00e9t\u00e9 inspir\u00e9s par nos m\u00e8res, authentiques et travailleuses&#8230;<\/p><p>LOHODI Homes est n\u00e9 du d\u00e9sir de partager les lieux extraordinairement beaux que nous offre l&#8217;Empord\u00e0 avec ses habitants parfois extravagants mais surtout joyeux et ouverts.<\/p>\t\t\t\t\t\t\t\t<\/div>\n\t\t\t\t<\/div>\n\t\t\t\t<\/div>\n\t\t\t\t\t<\/div>\n\t\t\t\t<\/div>\n\t\t<div class=\"elementor-element elementor-element-40ce0b1 e-flex e-con-boxed e-con e-parent\" data-id=\"40ce0b1\" data-element_type=\"container\" data-e-type=\"container\" data-settings=\"{&quot;background_background&quot;:&quot;classic&quot;}\">\n\t\t\t\t\t<div class=\"e-con-inner\">\n\t\t<div class=\"elementor-element elementor-element-7be7ffc e-con-full e-flex e-con e-child\" data-id=\"7be7ffc\" data-element_type=\"container\" data-e-type=\"container\" data-settings=\"{&quot;background_background&quot;:&quot;classic&quot;}\">\n\t\t\t\t<div class=\"elementor-element elementor-element-b88b872 elementor-widget elementor-widget-text-editor\" data-id=\"b88b872\" data-element_type=\"widget\" data-e-type=\"widget\" data-widget_type=\"text-editor.default\">\n\t\t\t\t<div class=\"elementor-widget-container\">\n\t\t\t\t\t\t\t\t\t<p>QUE PROPOSONS-NOUS ?<\/p>\t\t\t\t\t\t\t\t<\/div>\n\t\t\t\t<\/div>\n\t\t\t\t<div class=\"elementor-element elementor-element-43cda07 elementor-widget-divider--view-line elementor-widget elementor-widget-divider\" data-id=\"43cda07\" data-element_type=\"widget\" data-e-type=\"widget\" data-widget_type=\"divider.default\">\n\t\t\t\t<div class=\"elementor-widget-container\">\n\t\t\t\t\t\t\t<div class=\"elementor-divider\">\n\t\t\t<span class=\"elementor-divider-separator\">\n\t\t\t\t\t\t<\/span>\n\t\t<\/div>\n\t\t\t\t\t\t<\/div>\n\t\t\t\t<\/div>\n\t\t\t\t<div class=\"elementor-element elementor-element-d9e78ee elementor-widget elementor-widget-text-editor\" data-id=\"d9e78ee\" data-element_type=\"widget\" data-e-type=\"widget\" data-widget_type=\"text-editor.default\">\n\t\t\t\t<div class=\"elementor-widget-container\">\n\t\t\t\t\t\t\t\t\t<ul><li>Gestion et promotion de la maison sur notre site www.lohodihomes.com, sur Instagram @lohodihomes et sur des portails tels que Airbnb, booking, homeaway, vrbo, escapada Rural.<\/li><li>Communication et assistance 7 jours sur 7 avec les voyageurs, avant et pendant leur s\u00e9jour.<\/li><li>Accueil et accompagnement personnalis\u00e9s des voyageurs.<\/li><li>Service de nettoyage et de blanchisserie.<\/li><li>Rentabilit\u00e9 deux \u00e0 trois fois sup\u00e9rieure \u00e0 celle d&#8217;un bail r\u00e9sidentiel classique.<\/li><li>R\u00e9vision permanente des prix pour optimiser la demande.<\/li><li>Un taux d&#8217;occupation maximal optimis\u00e9.<\/li><li>La disponibilit\u00e9 de votre bien d\u00e8s que vous le souhaitez.<\/li><li>Service de photographie professionnelle.<\/li><li>Conseils pour le r\u00e9am\u00e9nagement de la maison si n\u00e9cessaire.<\/li><\/ul>\t\t\t\t\t\t\t\t<\/div>\n\t\t\t\t<\/div>\n\t\t\t\t<\/div>\n\t\t<div class=\"elementor-element elementor-element-3912ef2 e-con-full e-flex e-con e-child\" data-id=\"3912ef2\" data-element_type=\"container\" data-e-type=\"container\" data-settings=\"{&quot;background_background&quot;:&quot;classic&quot;}\">\n\t\t\t\t<\/div>\n\t\t\t\t\t<\/div>\n\t\t\t\t<\/div>\n\t\t<div class=\"elementor-element elementor-element-a3d1418 e-flex e-con-boxed e-con e-parent\" data-id=\"a3d1418\" data-element_type=\"container\" data-e-type=\"container\">\n\t\t\t\t\t<div class=\"e-con-inner\">\n\t\t\t\t<div class=\"elementor-element elementor-element-e3759b2 elementor-widget elementor-widget-text-editor\" data-id=\"e3759b2\" data-element_type=\"widget\" data-e-type=\"widget\" data-widget_type=\"text-editor.default\">\n\t\t\t\t<div class=\"elementor-widget-container\">\n\t\t\t\t\t\t\t\t\t<p>SERVICE DE LOCATION TOURISTIQUE<\/p>\t\t\t\t\t\t\t\t<\/div>\n\t\t\t\t<\/div>\n\t\t\t\t<div class=\"elementor-element elementor-element-ed34b6e elementor-widget-divider--view-line elementor-widget elementor-widget-divider\" data-id=\"ed34b6e\" data-element_type=\"widget\" data-e-type=\"widget\" data-widget_type=\"divider.default\">\n\t\t\t\t<div class=\"elementor-widget-container\">\n\t\t\t\t\t\t\t<div class=\"elementor-divider\">\n\t\t\t<span class=\"elementor-divider-separator\">\n\t\t\t\t\t\t<\/span>\n\t\t<\/div>\n\t\t\t\t\t\t<\/div>\n\t\t\t\t<\/div>\n\t\t\t\t<div class=\"elementor-element elementor-element-615c55a elementor-widget elementor-widget-text-editor\" data-id=\"615c55a\" data-element_type=\"widget\" data-e-type=\"widget\" data-widget_type=\"text-editor.default\">\n\t\t\t\t<div class=\"elementor-widget-container\">\n\t\t\t\t\t\t\t\t\t<p>Vous pouvez nous contacter en envoyant un courriel \u00e0<a href=\"mailto:info@lohodirentals.com\"> info@lohodihomes.com<\/a> ou en remplissant le formulaire ci-dessous, un membre de notre \u00e9quipe vous contactera dans les plus brefs d\u00e9lais.<\/p>\t\t\t\t\t\t\t\t<\/div>\n\t\t\t\t<\/div>\n\t\t\t\t<div class=\"elementor-element elementor-element-f159b5f elementor-button-align-stretch elementor-widget elementor-widget-form\" data-id=\"f159b5f\" data-element_type=\"widget\" data-e-type=\"widget\" data-settings=\"{&quot;step_next_label&quot;:&quot;Siguiente&quot;,&quot;step_previous_label&quot;:&quot;Anterior&quot;,&quot;button_width&quot;:&quot;100&quot;,&quot;step_type&quot;:&quot;number_text&quot;,&quot;step_icon_shape&quot;:&quot;circle&quot;}\" data-widget_type=\"form.default\">\n\t\t\t\t<div class=\"elementor-widget-container\">\n\t\t\t\t\t\t\t<form class=\"elementor-form\" method=\"post\" name=\"Nuevo formulario\" aria-label=\"Nuevo formulario\">\n\t\t\t<input type=\"hidden\" name=\"post_id\" value=\"1514\"\/>\n\t\t\t<input type=\"hidden\" name=\"form_id\" value=\"f159b5f\"\/>\n\t\t\t<input type=\"hidden\" name=\"referer_title\" value=\"Propietarios Lohodi - lohodi homes fr\" \/>\n\n\t\t\t\t\t\t\t<input type=\"hidden\" name=\"queried_id\" value=\"1514\"\/>\n\t\t\t\n\t\t\t<div class=\"elementor-form-fields-wrapper elementor-labels-\">\n\t\t\t\t\t\t\t\t<div class=\"elementor-field-type-text\">\n\t\t\t\t\t<input size=\"1\" type=\"text\" name=\"form_fields[name]\" id=\"form-field-name\" class=\"elementor-field elementor-size-sm \" style=\"display:none !important;\">\t\t\t\t<\/div>\n\t\t\t\t\t\t\t\t<div class=\"elementor-field-type-text elementor-field-group elementor-column elementor-field-group-field_16bd34c elementor-col-100\">\n\t\t\t\t\t\t\t\t\t\t\t\t<label for=\"form-field-field_16bd34c\" class=\"elementor-field-label elementor-screen-only\">\n\t\t\t\t\t\t\t\tNombre\t\t\t\t\t\t\t<\/label>\n\t\t\t\t\t\t\t\t\t\t\t\t\t\t<input size=\"1\" type=\"text\" name=\"form_fields[field_16bd34c]\" id=\"form-field-field_16bd34c\" class=\"elementor-field elementor-size-sm  elementor-field-textual\" placeholder=\"Nom complet\">\n\t\t\t\t\t\t\t\t\t\t\t<\/div>\n\t\t\t\t\t\t\t\t<div class=\"elementor-field-type-text elementor-field-group elementor-column elementor-field-group-field_817525e elementor-col-100\">\n\t\t\t\t\t\t\t\t\t\t\t\t<label for=\"form-field-field_817525e\" class=\"elementor-field-label elementor-screen-only\">\n\t\t\t\t\t\t\t\tNombre de la propiedad\t\t\t\t\t\t\t<\/label>\n\t\t\t\t\t\t\t\t\t\t\t\t\t\t<input size=\"1\" type=\"text\" name=\"form_fields[field_817525e]\" id=\"form-field-field_817525e\" class=\"elementor-field elementor-size-sm  elementor-field-textual\" placeholder=\"Nom du bien\">\n\t\t\t\t\t\t\t\t\t\t\t<\/div>\n\t\t\t\t\t\t\t\t<div class=\"elementor-field-type-text elementor-field-group elementor-column elementor-field-group-field_30ffe56 elementor-col-100\">\n\t\t\t\t\t\t\t\t\t\t\t\t<label for=\"form-field-field_30ffe56\" class=\"elementor-field-label elementor-screen-only\">\n\t\t\t\t\t\t\t\tUbicaci\u00f3n\t\t\t\t\t\t\t<\/label>\n\t\t\t\t\t\t\t\t\t\t\t\t\t\t<input size=\"1\" type=\"text\" name=\"form_fields[field_30ffe56]\" id=\"form-field-field_30ffe56\" class=\"elementor-field elementor-size-sm  elementor-field-textual\" placeholder=\"Localisation\">\n\t\t\t\t\t\t\t\t\t\t\t<\/div>\n\t\t\t\t\t\t\t\t<div class=\"elementor-field-type-text elementor-field-group elementor-column elementor-field-group-field_ac5b1be elementor-col-100\">\n\t\t\t\t\t\t\t\t\t\t\t\t<label for=\"form-field-field_ac5b1be\" class=\"elementor-field-label elementor-screen-only\">\n\t\t\t\t\t\t\t\tLicencia HUTG\t\t\t\t\t\t\t<\/label>\n\t\t\t\t\t\t\t\t\t\t\t\t\t\t<input size=\"1\" type=\"text\" name=\"form_fields[field_ac5b1be]\" id=\"form-field-field_ac5b1be\" class=\"elementor-field elementor-size-sm  elementor-field-textual\" placeholder=\"Disposez-vous d&#039;une licence touristique des HUG ?\">\n\t\t\t\t\t\t\t\t\t\t\t<\/div>\n\t\t\t\t\t\t\t\t<div class=\"elementor-field-type-email elementor-field-group elementor-column elementor-field-group-email elementor-col-50 elementor-field-required\">\n\t\t\t\t\t\t\t\t\t\t\t\t<label for=\"form-field-email\" class=\"elementor-field-label elementor-screen-only\">\n\t\t\t\t\t\t\t\tCorreo electr\u00f3nico\t\t\t\t\t\t\t<\/label>\n\t\t\t\t\t\t\t\t\t\t\t\t\t\t<input size=\"1\" type=\"email\" name=\"form_fields[email]\" id=\"form-field-email\" class=\"elementor-field elementor-size-sm  elementor-field-textual\" placeholder=\"Contact e-mail\" required=\"required\">\n\t\t\t\t\t\t\t\t\t\t\t<\/div>\n\t\t\t\t\t\t\t\t<div class=\"elementor-field-type-tel elementor-field-group elementor-column elementor-field-group-field_c36477f elementor-col-50 elementor-field-required\">\n\t\t\t\t\t\t\t\t\t\t\t\t<label for=\"form-field-field_c36477f\" class=\"elementor-field-label elementor-screen-only\">\n\t\t\t\t\t\t\t\tTel\t\t\t\t\t\t\t<\/label>\n\t\t\t\t\t\t\t\t<input size=\"1\" type=\"tel\" name=\"form_fields[field_c36477f]\" id=\"form-field-field_c36477f\" class=\"elementor-field elementor-size-sm  elementor-field-textual\" placeholder=\"T\u00e9l\u00e9phone\" required=\"required\" pattern=\"[0-9()#&amp;+*-=.]+\" title=\"Solo se aceptan n\u00fameros y caracteres de tel\u00e9fono (#,-,*,etc).\">\n\n\t\t\t\t\t\t<\/div>\n\t\t\t\t\t\t\t\t<div class=\"elementor-field-type-textarea elementor-field-group elementor-column elementor-field-group-message elementor-col-100\">\n\t\t\t\t\t\t\t\t\t\t\t\t<label for=\"form-field-message\" class=\"elementor-field-label elementor-screen-only\">\n\t\t\t\t\t\t\t\tMensaje\t\t\t\t\t\t\t<\/label>\n\t\t\t\t\t\t<textarea class=\"elementor-field-textual elementor-field  elementor-size-sm\" name=\"form_fields[message]\" id=\"form-field-message\" rows=\"4\" placeholder=\"Autres commentaires\"><\/textarea>\t\t\t\t<\/div>\n\t\t\t\t\t\t\t\t<div class=\"elementor-field-type-acceptance elementor-field-group elementor-column elementor-field-group-field_4be6eba elementor-col-100\">\n\t\t\t\t\t\t\t<div class=\"elementor-field-subgroup\">\n\t\t\t<span class=\"elementor-field-option\">\n\t\t\t\t<input type=\"checkbox\" name=\"form_fields[field_4be6eba]\" id=\"form-field-field_4be6eba\" class=\"elementor-field elementor-size-sm  elementor-acceptance-field\">\n\t\t\t\t<label for=\"form-field-field_4be6eba\">J'ai lu et j'accepte les <a href=\"\/politica-de-privacidad\">politique de confidentialit\u00e9<\/a><\/label>\t\t\t<\/span>\n\t\t<\/div>\n\t\t\t\t\t\t<\/div>\n\t\t\t\t\t\t\t\t<div class=\"elementor-field-type-recaptcha_v3 elementor-field-group elementor-column elementor-field-group-field_e4adbfa elementor-col-100 recaptcha_v3-bottomright\">\n\t\t\t\t\t<div class=\"elementor-field\" id=\"form-field-field_e4adbfa\"><div class=\"elementor-g-recaptcha\" data-sitekey=\"6LdS8oMqAAAAAIRSyT43YcJlVriooQsBTaV8nC9o\" data-type=\"v3\" data-action=\"Form\" data-badge=\"bottomright\" data-size=\"invisible\"><\/div><\/div>\t\t\t\t<\/div>\n\t\t\t\t\t\t\t\t<div class=\"elementor-field-group elementor-column elementor-field-type-submit elementor-col-100 e-form__buttons\">\n\t\t\t\t\t<button class=\"elementor-button elementor-size-sm\" type=\"submit\">\n\t\t\t\t\t\t<span class=\"elementor-button-content-wrapper\">\n\t\t\t\t\t\t\t\t\t\t\t\t\t\t\t\t\t\t\t\t\t\t<span class=\"elementor-button-text\">PARLONS-EN<\/span>\n\t\t\t\t\t\t\t\t\t\t\t\t\t<\/span>\n\t\t\t\t\t<\/button>\n\t\t\t\t<\/div>\n\t\t\t<\/div>\n\t\t<\/form>\n\t\t\t\t\t\t<\/div>\n\t\t\t\t<\/div>\n\t\t\t\t\t<\/div>\n\t\t\t\t<\/div>\n\t\t\t\t<\/div>\n\t\t","protected":false},"excerpt":{"rendered":"<p>Propri\u00e9taires Si vous \u00eates propri\u00e9taire d&#8217;une ferme restaur\u00e9e, d&#8217;une maison ou d&#8217;un charmant studio dans l&#8217;Empord\u00e0, nous pouvons vous aider \u00e0 le louer pour quelques jours ou quelques semaines. QUI EST \u00c0 L&#8217;ORIGINE DE CE PROJET ? Cristina et Marc se sont rencontr\u00e9s il y a 19 ans et depuis, ils ont progressivement d\u00e9couvert leur [&hellip;]<\/p>\n","protected":false},"author":1,"featured_media":0,"parent":0,"menu_order":0,"comment_status":"closed","ping_status":"closed","template":"","meta":{"footnotes":""},"class_list":["post-1514","page","type-page","status-publish","hentry"],"yoast_head":"<!-- This site is optimized with the Yoast SEO plugin v27.5 - https:\/\/yoast.com\/product\/yoast-seo-wordpress\/ -->\n<title>Propietarios Lohodi - lohodi homes fr<\/title>\n<meta name=\"description\" content=\"Si eres propietario de una Mas\u00eda restaurada, casa o estudio con encanto en el Ampurd\u00e1n, podemos ayudarte para alquilarla d\u00edas o semanas.\" \/>\n<meta name=\"robots\" content=\"index, follow, max-snippet:-1, max-image-preview:large, max-video-preview:-1\" \/>\n<link rel=\"canonical\" href=\"https:\/\/lohodihomes.com\/fr\/propietarios-lohodi\/\" \/>\n<meta property=\"og:locale\" content=\"es_ES\" \/>\n<meta property=\"og:type\" content=\"article\" \/>\n<meta property=\"og:title\" content=\"Propietarios Lohodi - lohodi homes fr\" \/>\n<meta property=\"og:description\" content=\"Si eres propietario de una Mas\u00eda restaurada, casa o estudio con encanto en el Ampurd\u00e1n, podemos ayudarte para alquilarla d\u00edas o semanas.\" \/>\n<meta property=\"og:url\" content=\"https:\/\/lohodihomes.com\/fr\/propietarios-lohodi\/\" \/>\n<meta property=\"og:site_name\" content=\"lohodi homes fr\" \/>\n<meta property=\"article:modified_time\" content=\"2025-09-19T13:29:57+00:00\" \/>\n<meta name=\"twitter:card\" content=\"summary_large_image\" \/>\n<meta name=\"twitter:label1\" content=\"Tiempo de lectura\" \/>\n\t<meta name=\"twitter:data1\" content=\"2 minutos\" \/>\n<script type=\"application\/ld+json\" class=\"yoast-schema-graph\">{\"@context\":\"https:\\\/\\\/schema.org\",\"@graph\":[{\"@type\":\"WebPage\",\"@id\":\"https:\\\/\\\/lohodihomes.com\\\/fr\\\/propietarios-lohodi\\\/\",\"url\":\"https:\\\/\\\/lohodihomes.com\\\/fr\\\/propietarios-lohodi\\\/\",\"name\":\"Propietarios Lohodi - lohodi homes fr\",\"isPartOf\":{\"@id\":\"https:\\\/\\\/lohodihomes.com\\\/fr\\\/#website\"},\"datePublished\":\"2024-11-05T16:45:34+00:00\",\"dateModified\":\"2025-09-19T13:29:57+00:00\",\"description\":\"Si eres propietario de una Mas\u00eda restaurada, casa o estudio con encanto en el Ampurd\u00e1n, podemos ayudarte para alquilarla d\u00edas o semanas.\",\"breadcrumb\":{\"@id\":\"https:\\\/\\\/lohodihomes.com\\\/fr\\\/propietarios-lohodi\\\/#breadcrumb\"},\"inLanguage\":\"es\",\"potentialAction\":[{\"@type\":\"ReadAction\",\"target\":[\"https:\\\/\\\/lohodihomes.com\\\/fr\\\/propietarios-lohodi\\\/\"]}]},{\"@type\":\"BreadcrumbList\",\"@id\":\"https:\\\/\\\/lohodihomes.com\\\/fr\\\/propietarios-lohodi\\\/#breadcrumb\",\"itemListElement\":[{\"@type\":\"ListItem\",\"position\":1,\"name\":\"Portada\",\"item\":\"https:\\\/\\\/lohodihomes.com\\\/fr\\\/\"},{\"@type\":\"ListItem\",\"position\":2,\"name\":\"Propietarios Lohodi\"}]},{\"@type\":\"WebSite\",\"@id\":\"https:\\\/\\\/lohodihomes.com\\\/fr\\\/#website\",\"url\":\"https:\\\/\\\/lohodihomes.com\\\/fr\\\/\",\"name\":\"lohodi homes fr\",\"description\":\"Casas rurales en La Empord\u00e1\",\"publisher\":{\"@id\":\"https:\\\/\\\/lohodihomes.com\\\/fr\\\/#organization\"},\"potentialAction\":[{\"@type\":\"SearchAction\",\"target\":{\"@type\":\"EntryPoint\",\"urlTemplate\":\"https:\\\/\\\/lohodihomes.com\\\/fr\\\/?s={search_term_string}\"},\"query-input\":{\"@type\":\"PropertyValueSpecification\",\"valueRequired\":true,\"valueName\":\"search_term_string\"}}],\"inLanguage\":\"es\"},{\"@type\":\"Organization\",\"@id\":\"https:\\\/\\\/lohodihomes.com\\\/fr\\\/#organization\",\"name\":\"lohodi homes fr\",\"url\":\"https:\\\/\\\/lohodihomes.com\\\/fr\\\/\",\"logo\":{\"@type\":\"ImageObject\",\"inLanguage\":\"es\",\"@id\":\"https:\\\/\\\/lohodihomes.com\\\/fr\\\/#\\\/schema\\\/logo\\\/image\\\/\",\"url\":\"https:\\\/\\\/lohodihomes.com\\\/fr\\\/wp-content\\\/uploads\\\/sites\\\/5\\\/burdeos_LOHODI_valentinakalaydjian.studio-08.webp\",\"contentUrl\":\"https:\\\/\\\/lohodihomes.com\\\/fr\\\/wp-content\\\/uploads\\\/sites\\\/5\\\/burdeos_LOHODI_valentinakalaydjian.studio-08.webp\",\"width\":400,\"height\":94,\"caption\":\"lohodi homes fr\"},\"image\":{\"@id\":\"https:\\\/\\\/lohodihomes.com\\\/fr\\\/#\\\/schema\\\/logo\\\/image\\\/\"}}]}<\/script>\n<!-- \/ Yoast SEO plugin. -->","yoast_head_json":{"title":"Propietarios Lohodi - lohodi homes fr","description":"Si eres propietario de una Mas\u00eda restaurada, casa o estudio con encanto en el Ampurd\u00e1n, podemos ayudarte para alquilarla d\u00edas o semanas.","robots":{"index":"index","follow":"follow","max-snippet":"max-snippet:-1","max-image-preview":"max-image-preview:large","max-video-preview":"max-video-preview:-1"},"canonical":"https:\/\/lohodihomes.com\/fr\/propietarios-lohodi\/","og_locale":"es_ES","og_type":"article","og_title":"Propietarios Lohodi - lohodi homes fr","og_description":"Si eres propietario de una Mas\u00eda restaurada, casa o estudio con encanto en el Ampurd\u00e1n, podemos ayudarte para alquilarla d\u00edas o semanas.","og_url":"https:\/\/lohodihomes.com\/fr\/propietarios-lohodi\/","og_site_name":"lohodi homes fr","article_modified_time":"2025-09-19T13:29:57+00:00","twitter_card":"summary_large_image","twitter_misc":{"Tiempo de lectura":"2 minutos"},"schema":{"@context":"https:\/\/schema.org","@graph":[{"@type":"WebPage","@id":"https:\/\/lohodihomes.com\/fr\/propietarios-lohodi\/","url":"https:\/\/lohodihomes.com\/fr\/propietarios-lohodi\/","name":"Propietarios Lohodi - lohodi homes fr","isPartOf":{"@id":"https:\/\/lohodihomes.com\/fr\/#website"},"datePublished":"2024-11-05T16:45:34+00:00","dateModified":"2025-09-19T13:29:57+00:00","description":"Si eres propietario de una Mas\u00eda restaurada, casa o estudio con encanto en el Ampurd\u00e1n, podemos ayudarte para alquilarla d\u00edas o semanas.","breadcrumb":{"@id":"https:\/\/lohodihomes.com\/fr\/propietarios-lohodi\/#breadcrumb"},"inLanguage":"es","potentialAction":[{"@type":"ReadAction","target":["https:\/\/lohodihomes.com\/fr\/propietarios-lohodi\/"]}]},{"@type":"BreadcrumbList","@id":"https:\/\/lohodihomes.com\/fr\/propietarios-lohodi\/#breadcrumb","itemListElement":[{"@type":"ListItem","position":1,"name":"Portada","item":"https:\/\/lohodihomes.com\/fr\/"},{"@type":"ListItem","position":2,"name":"Propietarios Lohodi"}]},{"@type":"WebSite","@id":"https:\/\/lohodihomes.com\/fr\/#website","url":"https:\/\/lohodihomes.com\/fr\/","name":"lohodi homes fr","description":"Casas rurales en La Empord\u00e1","publisher":{"@id":"https:\/\/lohodihomes.com\/fr\/#organization"},"potentialAction":[{"@type":"SearchAction","target":{"@type":"EntryPoint","urlTemplate":"https:\/\/lohodihomes.com\/fr\/?s={search_term_string}"},"query-input":{"@type":"PropertyValueSpecification","valueRequired":true,"valueName":"search_term_string"}}],"inLanguage":"es"},{"@type":"Organization","@id":"https:\/\/lohodihomes.com\/fr\/#organization","name":"lohodi homes fr","url":"https:\/\/lohodihomes.com\/fr\/","logo":{"@type":"ImageObject","inLanguage":"es","@id":"https:\/\/lohodihomes.com\/fr\/#\/schema\/logo\/image\/","url":"https:\/\/lohodihomes.com\/fr\/wp-content\/uploads\/sites\/5\/burdeos_LOHODI_valentinakalaydjian.studio-08.webp","contentUrl":"https:\/\/lohodihomes.com\/fr\/wp-content\/uploads\/sites\/5\/burdeos_LOHODI_valentinakalaydjian.studio-08.webp","width":400,"height":94,"caption":"lohodi homes fr"},"image":{"@id":"https:\/\/lohodihomes.com\/fr\/#\/schema\/logo\/image\/"}}]}},"_links":{"self":[{"href":"https:\/\/lohodihomes.com\/fr\/wp-json\/wp\/v2\/pages\/1514","targetHints":{"allow":["GET"]}}],"collection":[{"href":"https:\/\/lohodihomes.com\/fr\/wp-json\/wp\/v2\/pages"}],"about":[{"href":"https:\/\/lohodihomes.com\/fr\/wp-json\/wp\/v2\/types\/page"}],"author":[{"embeddable":true,"href":"https:\/\/lohodihomes.com\/fr\/wp-json\/wp\/v2\/users\/1"}],"replies":[{"embeddable":true,"href":"https:\/\/lohodihomes.com\/fr\/wp-json\/wp\/v2\/comments?post=1514"}],"version-history":[{"count":9,"href":"https:\/\/lohodihomes.com\/fr\/wp-json\/wp\/v2\/pages\/1514\/revisions"}],"predecessor-version":[{"id":4148,"href":"https:\/\/lohodihomes.com\/fr\/wp-json\/wp\/v2\/pages\/1514\/revisions\/4148"}],"wp:attachment":[{"href":"https:\/\/lohodihomes.com\/fr\/wp-json\/wp\/v2\/media?parent=1514"}],"curies":[{"name":"wp","href":"https:\/\/api.w.org\/{rel}","templated":true}]}}