{"id":3402,"date":"2024-11-25T14:50:39","date_gmt":"2024-11-25T13:50:39","guid":{"rendered":"https:\/\/lohodihomes.com\/?page_id=3402"},"modified":"2025-02-27T11:56:59","modified_gmt":"2025-02-27T10:56:59","slug":"gracias","status":"publish","type":"page","link":"https:\/\/lohodihomes.com\/fr\/gracias\/","title":{"rendered":"Gracias"},"content":{"rendered":"\t\t<div data-elementor-type=\"wp-page\" data-elementor-id=\"3402\" class=\"elementor elementor-3402\" data-elementor-post-type=\"page\">\n\t\t\t\t<div class=\"elementor-element elementor-element-c083c76 e-flex e-con-boxed e-con e-parent\" data-id=\"c083c76\" data-element_type=\"container\" data-e-type=\"container\" data-settings=\"{&quot;background_background&quot;:&quot;classic&quot;}\">\n\t\t\t\t\t<div class=\"e-con-inner\">\n\t\t<div class=\"elementor-element elementor-element-247179a e-con-full e-flex e-con e-child\" data-id=\"247179a\" data-element_type=\"container\" data-e-type=\"container\" data-settings=\"{&quot;background_background&quot;:&quot;classic&quot;}\">\n\t\t\t\t<div class=\"elementor-element elementor-element-c23e292 elementor-widget elementor-widget-heading\" data-id=\"c23e292\" data-element_type=\"widget\" data-e-type=\"widget\" data-widget_type=\"heading.default\">\n\t\t\t\t<div class=\"elementor-widget-container\">\n\t\t\t\t\t<h2 class=\"elementor-heading-title elementor-size-default\">Merci d'avoir r\u00e9serv\u00e9<\/h2>\t\t\t\t<\/div>\n\t\t\t\t<\/div>\n\t\t\t\t<div class=\"elementor-element elementor-element-6883b26 elementor-widget elementor-widget-image\" data-id=\"6883b26\" data-element_type=\"widget\" data-e-type=\"widget\" data-widget_type=\"image.default\">\n\t\t\t\t<div class=\"elementor-widget-container\">\n\t\t\t\t\t\t\t\t\t\t\t\t\t\t\t<img fetchpriority=\"high\" decoding=\"async\" width=\"600\" height=\"246\" src=\"https:\/\/lohodihomes.com\/fr\/wp-content\/uploads\/sites\/5\/caracter_LOHODI_valentinakalaydjian.studio-05.webp\" class=\"attachment-large size-large wp-image-2517\" alt=\"caracter LOHODI valentinakalaydjian.studio 05\" \/>\t\t\t\t\t\t\t\t\t\t\t\t\t\t\t<\/div>\n\t\t\t\t<\/div>\n\t\t\t\t<div class=\"elementor-element elementor-element-a80693d elementor-widget__width-initial elementor-widget elementor-widget-text-editor\" data-id=\"a80693d\" data-element_type=\"widget\" data-e-type=\"widget\" data-widget_type=\"text-editor.default\">\n\t\t\t\t<div class=\"elementor-widget-container\">\n\t\t\t\t\t\t\t\t\t<p>Nous vous informons que votre r\u00e9servation a \u00e9t\u00e9 effectu\u00e9e avec succ\u00e8s. Vous recevrez sous peu un courriel contenant les d\u00e9tails de votre r\u00e9servation.<\/p>\t\t\t\t\t\t\t\t<\/div>\n\t\t\t\t<\/div>\n\t\t\t\t<div class=\"elementor-element elementor-element-1a8ea8a elementor-widget elementor-widget-global elementor-global-577 elementor-widget-button\" data-id=\"1a8ea8a\" data-element_type=\"widget\" data-e-type=\"widget\" data-widget_type=\"button.default\">\n\t\t\t\t<div class=\"elementor-widget-container\">\n\t\t\t\t\t\t\t\t\t<div class=\"elementor-button-wrapper\">\n\t\t\t\t\t<a class=\"elementor-button elementor-button-link elementor-size-sm elementor-animation-float\" href=\"https:\/\/lohodihomes.com\/fr\" target=\"_blank\">\n\t\t\t\t\t\t<span class=\"elementor-button-content-wrapper\">\n\t\t\t\t\t\t\t\t\t<span class=\"elementor-button-text\">Retour au site web<\/span>\n\t\t\t\t\t<\/span>\n\t\t\t\t\t<\/a>\n\t\t\t\t<\/div>\n\t\t\t\t\t\t\t\t<\/div>\n\t\t\t\t<\/div>\n\t\t\t\t<\/div>\n\t\t\t\t\t<\/div>\n\t\t\t\t<\/div>\n\t\t\t\t<\/div>\n\t\t","protected":false},"excerpt":{"rendered":"<p>Merci d&#8217;avoir r\u00e9serv\u00e9 Nous vous informons que votre r\u00e9servation a \u00e9t\u00e9 effectu\u00e9e avec succ\u00e8s. Vous recevrez sous peu un courriel contenant les d\u00e9tails de votre r\u00e9servation. Volver a la web<\/p>\n","protected":false},"author":1,"featured_media":0,"parent":0,"menu_order":0,"comment_status":"closed","ping_status":"closed","template":"elementor_canvas","meta":{"footnotes":""},"class_list":["post-3402","page","type-page","status-publish","hentry"],"yoast_head":"<!-- This site is optimized with the Yoast SEO plugin v27.5 - https:\/\/yoast.com\/product\/yoast-seo-wordpress\/ -->\n<title>Gracias - lohodi homes fr<\/title>\n<meta name=\"robots\" content=\"index, follow, max-snippet:-1, max-image-preview:large, max-video-preview:-1\" \/>\n<link rel=\"canonical\" href=\"https:\/\/lohodihomes.com\/fr\/gracias\/\" \/>\n<meta property=\"og:locale\" content=\"es_ES\" \/>\n<meta property=\"og:type\" content=\"article\" \/>\n<meta property=\"og:title\" content=\"Gracias - lohodi homes fr\" \/>\n<meta property=\"og:description\" content=\"Merci d&#8217;avoir r\u00e9serv\u00e9 Nous vous informons que votre r\u00e9servation a \u00e9t\u00e9 effectu\u00e9e avec succ\u00e8s. Vous recevrez sous peu un courriel contenant les d\u00e9tails de votre r\u00e9servation. Volver a la web\" \/>\n<meta property=\"og:url\" content=\"https:\/\/lohodihomes.com\/fr\/gracias\/\" \/>\n<meta property=\"og:site_name\" content=\"lohodi homes fr\" \/>\n<meta property=\"article:modified_time\" content=\"2025-02-27T10:56:59+00:00\" \/>\n<meta property=\"og:image\" content=\"https:\/\/lohodihomes.com\/fr\/wp-content\/uploads\/sites\/5\/caracter_LOHODI_valentinakalaydjian.studio-05.webp\" \/>\n\t<meta property=\"og:image:width\" content=\"600\" \/>\n\t<meta property=\"og:image:height\" content=\"246\" \/>\n\t<meta property=\"og:image:type\" content=\"image\/webp\" \/>\n<meta name=\"twitter:card\" content=\"summary_large_image\" \/>\n<meta name=\"twitter:label1\" content=\"Tiempo de lectura\" \/>\n\t<meta name=\"twitter:data1\" content=\"1 minuto\" \/>\n<script type=\"application\/ld+json\" class=\"yoast-schema-graph\">{\"@context\":\"https:\\\/\\\/schema.org\",\"@graph\":[{\"@type\":\"WebPage\",\"@id\":\"https:\\\/\\\/lohodihomes.com\\\/fr\\\/gracias\\\/\",\"url\":\"https:\\\/\\\/lohodihomes.com\\\/fr\\\/gracias\\\/\",\"name\":\"Gracias - lohodi homes fr\",\"isPartOf\":{\"@id\":\"https:\\\/\\\/lohodihomes.com\\\/fr\\\/#website\"},\"primaryImageOfPage\":{\"@id\":\"https:\\\/\\\/lohodihomes.com\\\/fr\\\/gracias\\\/#primaryimage\"},\"image\":{\"@id\":\"https:\\\/\\\/lohodihomes.com\\\/fr\\\/gracias\\\/#primaryimage\"},\"thumbnailUrl\":\"https:\\\/\\\/lohodihomes.com\\\/fr\\\/wp-content\\\/uploads\\\/sites\\\/5\\\/caracter_LOHODI_valentinakalaydjian.studio-05.webp\",\"datePublished\":\"2024-11-25T13:50:39+00:00\",\"dateModified\":\"2025-02-27T10:56:59+00:00\",\"breadcrumb\":{\"@id\":\"https:\\\/\\\/lohodihomes.com\\\/fr\\\/gracias\\\/#breadcrumb\"},\"inLanguage\":\"es\",\"potentialAction\":[{\"@type\":\"ReadAction\",\"target\":[\"https:\\\/\\\/lohodihomes.com\\\/fr\\\/gracias\\\/\"]}]},{\"@type\":\"ImageObject\",\"inLanguage\":\"es\",\"@id\":\"https:\\\/\\\/lohodihomes.com\\\/fr\\\/gracias\\\/#primaryimage\",\"url\":\"https:\\\/\\\/lohodihomes.com\\\/fr\\\/wp-content\\\/uploads\\\/sites\\\/5\\\/caracter_LOHODI_valentinakalaydjian.studio-05.webp\",\"contentUrl\":\"https:\\\/\\\/lohodihomes.com\\\/fr\\\/wp-content\\\/uploads\\\/sites\\\/5\\\/caracter_LOHODI_valentinakalaydjian.studio-05.webp\",\"width\":600,\"height\":246,\"caption\":\"caracter LOHODI valentinakalaydjian.studio 05\"},{\"@type\":\"BreadcrumbList\",\"@id\":\"https:\\\/\\\/lohodihomes.com\\\/fr\\\/gracias\\\/#breadcrumb\",\"itemListElement\":[{\"@type\":\"ListItem\",\"position\":1,\"name\":\"Portada\",\"item\":\"https:\\\/\\\/lohodihomes.com\\\/fr\\\/\"},{\"@type\":\"ListItem\",\"position\":2,\"name\":\"Gracias\"}]},{\"@type\":\"WebSite\",\"@id\":\"https:\\\/\\\/lohodihomes.com\\\/fr\\\/#website\",\"url\":\"https:\\\/\\\/lohodihomes.com\\\/fr\\\/\",\"name\":\"lohodi homes fr\",\"description\":\"Casas rurales en La Empord\u00e1\",\"publisher\":{\"@id\":\"https:\\\/\\\/lohodihomes.com\\\/fr\\\/#organization\"},\"potentialAction\":[{\"@type\":\"SearchAction\",\"target\":{\"@type\":\"EntryPoint\",\"urlTemplate\":\"https:\\\/\\\/lohodihomes.com\\\/fr\\\/?s={search_term_string}\"},\"query-input\":{\"@type\":\"PropertyValueSpecification\",\"valueRequired\":true,\"valueName\":\"search_term_string\"}}],\"inLanguage\":\"es\"},{\"@type\":\"Organization\",\"@id\":\"https:\\\/\\\/lohodihomes.com\\\/fr\\\/#organization\",\"name\":\"lohodi homes fr\",\"url\":\"https:\\\/\\\/lohodihomes.com\\\/fr\\\/\",\"logo\":{\"@type\":\"ImageObject\",\"inLanguage\":\"es\",\"@id\":\"https:\\\/\\\/lohodihomes.com\\\/fr\\\/#\\\/schema\\\/logo\\\/image\\\/\",\"url\":\"https:\\\/\\\/lohodihomes.com\\\/fr\\\/wp-content\\\/uploads\\\/sites\\\/5\\\/burdeos_LOHODI_valentinakalaydjian.studio-08.webp\",\"contentUrl\":\"https:\\\/\\\/lohodihomes.com\\\/fr\\\/wp-content\\\/uploads\\\/sites\\\/5\\\/burdeos_LOHODI_valentinakalaydjian.studio-08.webp\",\"width\":400,\"height\":94,\"caption\":\"lohodi homes fr\"},\"image\":{\"@id\":\"https:\\\/\\\/lohodihomes.com\\\/fr\\\/#\\\/schema\\\/logo\\\/image\\\/\"}}]}<\/script>\n<!-- \/ Yoast SEO plugin. -->","yoast_head_json":{"title":"Gracias - lohodi homes fr","robots":{"index":"index","follow":"follow","max-snippet":"max-snippet:-1","max-image-preview":"max-image-preview:large","max-video-preview":"max-video-preview:-1"},"canonical":"https:\/\/lohodihomes.com\/fr\/gracias\/","og_locale":"es_ES","og_type":"article","og_title":"Gracias - lohodi homes fr","og_description":"Merci d&#8217;avoir r\u00e9serv\u00e9 Nous vous informons que votre r\u00e9servation a \u00e9t\u00e9 effectu\u00e9e avec succ\u00e8s. Vous recevrez sous peu un courriel contenant les d\u00e9tails de votre r\u00e9servation. Volver a la web","og_url":"https:\/\/lohodihomes.com\/fr\/gracias\/","og_site_name":"lohodi homes fr","article_modified_time":"2025-02-27T10:56:59+00:00","og_image":[{"width":600,"height":246,"url":"https:\/\/lohodihomes.com\/fr\/wp-content\/uploads\/sites\/5\/caracter_LOHODI_valentinakalaydjian.studio-05.webp","type":"image\/webp"}],"twitter_card":"summary_large_image","twitter_misc":{"Tiempo de lectura":"1 minuto"},"schema":{"@context":"https:\/\/schema.org","@graph":[{"@type":"WebPage","@id":"https:\/\/lohodihomes.com\/fr\/gracias\/","url":"https:\/\/lohodihomes.com\/fr\/gracias\/","name":"Gracias - lohodi homes fr","isPartOf":{"@id":"https:\/\/lohodihomes.com\/fr\/#website"},"primaryImageOfPage":{"@id":"https:\/\/lohodihomes.com\/fr\/gracias\/#primaryimage"},"image":{"@id":"https:\/\/lohodihomes.com\/fr\/gracias\/#primaryimage"},"thumbnailUrl":"https:\/\/lohodihomes.com\/fr\/wp-content\/uploads\/sites\/5\/caracter_LOHODI_valentinakalaydjian.studio-05.webp","datePublished":"2024-11-25T13:50:39+00:00","dateModified":"2025-02-27T10:56:59+00:00","breadcrumb":{"@id":"https:\/\/lohodihomes.com\/fr\/gracias\/#breadcrumb"},"inLanguage":"es","potentialAction":[{"@type":"ReadAction","target":["https:\/\/lohodihomes.com\/fr\/gracias\/"]}]},{"@type":"ImageObject","inLanguage":"es","@id":"https:\/\/lohodihomes.com\/fr\/gracias\/#primaryimage","url":"https:\/\/lohodihomes.com\/fr\/wp-content\/uploads\/sites\/5\/caracter_LOHODI_valentinakalaydjian.studio-05.webp","contentUrl":"https:\/\/lohodihomes.com\/fr\/wp-content\/uploads\/sites\/5\/caracter_LOHODI_valentinakalaydjian.studio-05.webp","width":600,"height":246,"caption":"caracter LOHODI valentinakalaydjian.studio 05"},{"@type":"BreadcrumbList","@id":"https:\/\/lohodihomes.com\/fr\/gracias\/#breadcrumb","itemListElement":[{"@type":"ListItem","position":1,"name":"Portada","item":"https:\/\/lohodihomes.com\/fr\/"},{"@type":"ListItem","position":2,"name":"Gracias"}]},{"@type":"WebSite","@id":"https:\/\/lohodihomes.com\/fr\/#website","url":"https:\/\/lohodihomes.com\/fr\/","name":"lohodi homes fr","description":"Casas rurales en La Empord\u00e1","publisher":{"@id":"https:\/\/lohodihomes.com\/fr\/#organization"},"potentialAction":[{"@type":"SearchAction","target":{"@type":"EntryPoint","urlTemplate":"https:\/\/lohodihomes.com\/fr\/?s={search_term_string}"},"query-input":{"@type":"PropertyValueSpecification","valueRequired":true,"valueName":"search_term_string"}}],"inLanguage":"es"},{"@type":"Organization","@id":"https:\/\/lohodihomes.com\/fr\/#organization","name":"lohodi homes fr","url":"https:\/\/lohodihomes.com\/fr\/","logo":{"@type":"ImageObject","inLanguage":"es","@id":"https:\/\/lohodihomes.com\/fr\/#\/schema\/logo\/image\/","url":"https:\/\/lohodihomes.com\/fr\/wp-content\/uploads\/sites\/5\/burdeos_LOHODI_valentinakalaydjian.studio-08.webp","contentUrl":"https:\/\/lohodihomes.com\/fr\/wp-content\/uploads\/sites\/5\/burdeos_LOHODI_valentinakalaydjian.studio-08.webp","width":400,"height":94,"caption":"lohodi homes fr"},"image":{"@id":"https:\/\/lohodihomes.com\/fr\/#\/schema\/logo\/image\/"}}]}},"_links":{"self":[{"href":"https:\/\/lohodihomes.com\/fr\/wp-json\/wp\/v2\/pages\/3402","targetHints":{"allow":["GET"]}}],"collection":[{"href":"https:\/\/lohodihomes.com\/fr\/wp-json\/wp\/v2\/pages"}],"about":[{"href":"https:\/\/lohodihomes.com\/fr\/wp-json\/wp\/v2\/types\/page"}],"author":[{"embeddable":true,"href":"https:\/\/lohodihomes.com\/fr\/wp-json\/wp\/v2\/users\/1"}],"replies":[{"embeddable":true,"href":"https:\/\/lohodihomes.com\/fr\/wp-json\/wp\/v2\/comments?post=3402"}],"version-history":[{"count":22,"href":"https:\/\/lohodihomes.com\/fr\/wp-json\/wp\/v2\/pages\/3402\/revisions"}],"predecessor-version":[{"id":3777,"href":"https:\/\/lohodihomes.com\/fr\/wp-json\/wp\/v2\/pages\/3402\/revisions\/3777"}],"wp:attachment":[{"href":"https:\/\/lohodihomes.com\/fr\/wp-json\/wp\/v2\/media?parent=3402"}],"curies":[{"name":"wp","href":"https:\/\/api.w.org\/{rel}","templated":true}]}}